{"id":23158,"date":"2024-12-30T10:13:01","date_gmt":"2024-12-30T10:13:01","guid":{"rendered":"https:\/\/cointrade.es\/daha-akilli-operasyonlar-icin-en-iyi-yapay-zeka-ve-otomasyon-araclarini-kesfedin\/"},"modified":"2025-01-02T14:24:33","modified_gmt":"2025-01-02T14:24:33","slug":"opiniones","status":"publish","type":"page","link":"https:\/\/cointrade.es\/tr\/opiniones\/","title":{"rendered":"Daha ak\u0131ll\u0131 operasyonlar i\u00e7in en iyi yapay zeka ve otomasyon ara\u00e7lar\u0131n\u0131 ke\u015ffedin"},"content":{"rendered":"<?xml encoding=\"UTF-8\"><div class=\"gb-container gb-container-736c85e5\">\n<div class=\"gb-container gb-container-a4aec32a\">\n\n<p>Ticaret yapmak zor olabilir. Takip edilmesi gereken &ccedil;ok &#351;ey vard&#305;r. Hata yapmak kolayd&#305;r. Yapay zeka ve otomasyon yard&#305;mc&#305; olabilir. G&ouml;zden ka&ccedil;&#305;rabilece&#287;iniz &#351;eyleri tespit ederler. G&ouml;revleri sizin yapabilece&#287;inizden daha h&#305;zl&#305; hallederler. Ama sihirli de&#287;iller. Hala ne yapt&#305;&#287;&#305;n&#305;z&#305; bilmeniz gerekir.       <\/p>\n\n\n\n<p>Cointrade.co.uk&rsquo;de AI ve otomasyon kullanan ticaret ara&ccedil;lar&#305;na bak&#305;yoruz &ndash; kullan&#305;m&#305; kolay m&#305;, ger&ccedil;ekten yard&#305;mc&#305; oluyorlar m&#305; ve di&#287;er t&uuml;ccarlar ne d&uuml;&#351;&uuml;n&uuml;yor? Sizin i&ccedil;in en iyisinin ne oldu&#287;una karar verebilmeniz i&ccedil;in onlar&#305; kontrol ediyoruz.    <\/p>\n\n\n\n<p>Bu ara&ccedil;lar ticareti kolayla&#351;t&#305;rabilir. Ancak i&#351;i sizin i&ccedil;in yapmazlar. Ba&#351;ar&#305;l&#305; olmak istiyorsan&#305;z, odaklanmaya devam etmelisiniz. Yapay zeka yard&#305;mc&#305; olur, ancak sorumluluk sizdedir.   <\/p>\n\n\n\n<p>Burada i&#351;i basit tutuyoruz. Abart&#305; yok. B&uuml;y&uuml;k vaatler yok. Sadece daha iyi &ccedil;al&#305;&#351;man&#305;za yard&#305;mc&#305; olacak d&uuml;r&uuml;st incelemeler.   <\/p>\n\n\n\n<div class=\"gb-grid-wrapper gb-grid-wrapper-f5fb5079 gb-query-loop-wrapper\">\n<div class=\"gb-grid-column gb-grid-column-5697a7f0 gb-query-loop-item post-28558 opinions type-opinions status-publish format-standard has-post-thumbnail hentry gblocks_pattern_collections-local-patterns\"><div class=\"gb-container gb-container-5697a7f0\">\n<figure class=\"gb-block-image gb-block-image-f73a6f18\"><img loading=\"lazy\" decoding=\"async\" width=\"1200\" height=\"673\" src=\"https:\/\/cointrade.es\/wp-content\/uploads\/2025\/04\/Aplicacion-de-comercio-telefonico-plegable-2.jpg\" class=\"gb-image-f73a6f18\" alt=\"Aplicaci&oacute;n de comercio telef&oacute;nico plegable (2)\" srcset=\"https:\/\/cointrade.es\/wp-content\/uploads\/2025\/04\/Aplicacion-de-comercio-telefonico-plegable-2.jpg 1200w, https:\/\/cointrade.es\/wp-content\/uploads\/2025\/04\/Aplicacion-de-comercio-telefonico-plegable-2-300x168.jpg 300w, https:\/\/cointrade.es\/wp-content\/uploads\/2025\/04\/Aplicacion-de-comercio-telefonico-plegable-2-1024x574.jpg 1024w, https:\/\/cointrade.es\/wp-content\/uploads\/2025\/04\/Aplicacion-de-comercio-telefonico-plegable-2-768x431.jpg 768w\" sizes=\"auto, (max-width: 1200px) 100vw, 1200px\" title=\"\"><\/figure>\n\n<h2 class=\"gb-headline gb-headline-45557597 gb-headline-text\"><a href=\"https:\/\/cointrade.es\/tr\/opinions\/ethereum-cormax-app\/\">K00411: 2025&rsquo;e Kadar Yapay Zeka Ticaret Platformlar&#305;n&#305;n Uzman Analizi<\/a><\/h2>\n\n<div class=\"gb-container gb-container-169c20f5\">\n<p class=\"gb-headline gb-headline-1c86de72 gb-headline-text\"><time class=\"entry-date published\" datetime=\"2025-05-28T07:58:24+00:00\">May&#305;s 28, 2025<\/time><\/p>\n\n<p class=\"gb-headline gb-headline-d6e2e197 gb-headline-text\">Hannibal Rodriguez<\/p>\n<\/div>\n\n<div class=\"gb-headline gb-headline-563adf47 gb-headline-text\">Yat&#305;r&#305;m stratejileri geli&#351;tirme konusunda on y&#305;l&#305; a&#351;k&#305;n deneyime sahip Chartered Financial Analyst (CFA) sertifikal&#305; bir finans analisti olarak, 2025&rsquo;in dijital finans d&uuml;nyas&#305;nda ilgi g&ouml;ren bir platform olan K00411&rsquo;in ayr&#305;nt&#305;l&#305; bir analizini sunmaktan mutluluk duyuyorum.<\/div>\n<\/div><\/div>\n<\/div>\n\n\n\n<div class=\"gb-grid-wrapper gb-grid-wrapper-2d3e2b96 gb-query-loop-wrapper\">\n<div class=\"gb-grid-column gb-grid-column-8ecd85f1 gb-query-loop-item post-28562 opinions type-opinions status-publish format-standard has-post-thumbnail hentry gblocks_pattern_collections-local-patterns\"><div class=\"gb-container gb-container-8ecd85f1\">\n<figure class=\"gb-block-image gb-block-image-5af07dd6\"><img loading=\"lazy\" decoding=\"async\" width=\"1200\" height=\"673\" src=\"https:\/\/cointrade.es\/wp-content\/uploads\/2025\/04\/Aplicacion-de-comercio-telefonico-plegable-3.jpg\" class=\"gb-image-5af07dd6\" alt=\"Aplicaci&oacute;n de comercio telef&oacute;nico plegable (3)\" srcset=\"https:\/\/cointrade.es\/wp-content\/uploads\/2025\/04\/Aplicacion-de-comercio-telefonico-plegable-3.jpg 1200w, https:\/\/cointrade.es\/wp-content\/uploads\/2025\/04\/Aplicacion-de-comercio-telefonico-plegable-3-300x168.jpg 300w, https:\/\/cointrade.es\/wp-content\/uploads\/2025\/04\/Aplicacion-de-comercio-telefonico-plegable-3-1024x574.jpg 1024w, https:\/\/cointrade.es\/wp-content\/uploads\/2025\/04\/Aplicacion-de-comercio-telefonico-plegable-3-768x431.jpg 768w\" sizes=\"auto, (max-width: 1200px) 100vw, 1200px\" title=\"\"><\/figure>\n\n<h2 class=\"gb-headline gb-headline-7785f7d0 gb-headline-text\"><a href=\"https:\/\/cointrade.es\/tr\/opinions\/ethereum-cormax-review\/\">K00410&rsquo;un 2025&rsquo;teki Tam Analizi: Kripto Para Yat&#305;r&#305;mc&#305;lar&#305; &#304;&ccedil;in F&#305;rsat m&#305;, Risk mi?<\/a><\/h2>\n\n<div class=\"gb-container gb-container-2bd618e7\">\n<p class=\"gb-headline gb-headline-0bdc8439 gb-headline-text\"><time class=\"entry-date published\" datetime=\"2025-05-28T07:56:18+00:00\">May&#305;s 28, 2025<\/time><\/p>\n\n<p class=\"gb-headline gb-headline-95c495c2 gb-headline-text\">John Milla Cano<\/p>\n<\/div>\n\n<div class=\"gb-headline gb-headline-82d89ab6 gb-headline-text\">Dijital piyasalarda 10 y&#305;l&#305; a&#351;k&#305;n deneyime sahip CFA sertifikal&#305; bir finans analisti olarak, 2025 y&#305;l&#305; ba&#287;lam&#305;nda K00410 platformunun kapsaml&#305; ve g&uuml;ncel bir analizini sunuyorum.<\/div>\n<\/div><\/div>\n\n<div class=\"gb-grid-column gb-grid-column-8ecd85f1 gb-query-loop-item post-28566 opinions type-opinions status-publish format-standard has-post-thumbnail hentry gblocks_pattern_collections-local-patterns\"><div class=\"gb-container gb-container-8ecd85f1\">\n<figure class=\"gb-block-image gb-block-image-5af07dd6\"><img loading=\"lazy\" decoding=\"async\" width=\"1200\" height=\"673\" src=\"https:\/\/cointrade.es\/wp-content\/uploads\/2025\/03\/Hombre-de-negocios-escribiendo-en-una-computadora-portatil-1.jpg\" class=\"gb-image-5af07dd6\" alt=\"K00409 Hombre de negocios escribiendo en una computadora port&aacute;til (1)\" srcset=\"https:\/\/cointrade.es\/wp-content\/uploads\/2025\/03\/Hombre-de-negocios-escribiendo-en-una-computadora-portatil-1.jpg 1200w, https:\/\/cointrade.es\/wp-content\/uploads\/2025\/03\/Hombre-de-negocios-escribiendo-en-una-computadora-portatil-1-300x168.jpg 300w, https:\/\/cointrade.es\/wp-content\/uploads\/2025\/03\/Hombre-de-negocios-escribiendo-en-una-computadora-portatil-1-1024x574.jpg 1024w, https:\/\/cointrade.es\/wp-content\/uploads\/2025\/03\/Hombre-de-negocios-escribiendo-en-una-computadora-portatil-1-768x431.jpg 768w\" sizes=\"auto, (max-width: 1200px) 100vw, 1200px\" title=\"\"><\/figure>\n\n<h2 class=\"gb-headline gb-headline-7785f7d0 gb-headline-text\"><a href=\"https:\/\/cointrade.es\/tr\/opinions\/ethereum-cormax\/\">K00409: %85 Do&#287;ruluk ve Son Teknolojiye Sahip Otomatik &#304;&#351;lem Platformu<\/a><\/h2>\n\n<div class=\"gb-container gb-container-2bd618e7\">\n<p class=\"gb-headline gb-headline-0bdc8439 gb-headline-text\"><time class=\"entry-date published\" datetime=\"2025-05-28T07:54:31+00:00\">May&#305;s 28, 2025<\/time><\/p>\n\n<p class=\"gb-headline gb-headline-95c495c2 gb-headline-text\">Hannibal Rodriguez<\/p>\n<\/div>\n\n<div class=\"gb-headline gb-headline-82d89ab6 gb-headline-text\">K00409&rsquo;u detayl&#305; bir &#351;ekilde inceledikten sonra, vaatlerini inan&#305;lmaz bir &#351;ekilde yerine getirdi&#287;ini itiraf etmeliyim. Bu platform, y&uuml;zde 85&rsquo;lik do&#287;ruluk oran&#305; ve y&uuml;zde 30 ile 40 aras&#305;nda de&#287;i&#351;en performans oranlar&#305;yla dikkat &ccedil;ekiyor; bu rakamlar da g&ouml;zden ka&ccedil;m&#305;yor.<\/div>\n<\/div><\/div>\n\n<div class=\"gb-grid-column gb-grid-column-8ecd85f1 gb-query-loop-item post-28517 opinions type-opinions status-publish format-standard has-post-thumbnail hentry gblocks_pattern_collections-local-patterns\"><div class=\"gb-container gb-container-8ecd85f1\">\n<figure class=\"gb-block-image gb-block-image-5af07dd6\"><img loading=\"lazy\" decoding=\"async\" width=\"1200\" height=\"673\" src=\"https:\/\/cointrade.es\/wp-content\/uploads\/2025\/03\/Datos-del-mercado-en-vivo-en-el-telefono-4.jpg\" class=\"gb-image-5af07dd6\" alt=\"K00403 Datos del mercado en vivo en el tel&eacute;fono (4)\" srcset=\"https:\/\/cointrade.es\/wp-content\/uploads\/2025\/03\/Datos-del-mercado-en-vivo-en-el-telefono-4.jpg 1200w, https:\/\/cointrade.es\/wp-content\/uploads\/2025\/03\/Datos-del-mercado-en-vivo-en-el-telefono-4-300x168.jpg 300w, https:\/\/cointrade.es\/wp-content\/uploads\/2025\/03\/Datos-del-mercado-en-vivo-en-el-telefono-4-1024x574.jpg 1024w, https:\/\/cointrade.es\/wp-content\/uploads\/2025\/03\/Datos-del-mercado-en-vivo-en-el-telefono-4-768x431.jpg 768w\" sizes=\"auto, (max-width: 1200px) 100vw, 1200px\" title=\"\"><\/figure>\n\n<h2 class=\"gb-headline gb-headline-7785f7d0 gb-headline-text\"><a href=\"https:\/\/cointrade.es\/tr\/opinions\/instant-akpro-app\/\">K00403: Y&uuml;ksek Karl&#305;l&#305;&#287;a Sahip Yapay Zeka Destekli Otomatik Ticaret Platformu<\/a><\/h2>\n\n<div class=\"gb-container gb-container-2bd618e7\">\n<p class=\"gb-headline gb-headline-0bdc8439 gb-headline-text\"><time class=\"entry-date published\" datetime=\"2025-05-20T09:51:47+00:00\">May&#305;s 20, 2025<\/time><\/p>\n\n<p class=\"gb-headline gb-headline-95c495c2 gb-headline-text\">Hannibal Rodriguez<\/p>\n<\/div>\n\n<div class=\"gb-headline gb-headline-82d89ab6 gb-headline-text\">K00403 i&#351;lem platformunu kapsaml&#305; bir &#351;ekilde inceledikten sonra, onu &ccedil;evrimi&ccedil;i ticaretin rekabet&ccedil;i d&uuml;nyas&#305;nda &ouml;ne &ccedil;&#305;karan &ccedil;e&#351;itli y&ouml;nlerini ke&#351;fettim.<\/div>\n<\/div><\/div>\n\n<div class=\"gb-grid-column gb-grid-column-8ecd85f1 gb-query-loop-item post-28521 opinions type-opinions status-publish format-standard has-post-thumbnail hentry gblocks_pattern_collections-local-patterns\"><div class=\"gb-container gb-container-8ecd85f1\">\n<figure class=\"gb-block-image gb-block-image-5af07dd6\"><img loading=\"lazy\" decoding=\"async\" width=\"1200\" height=\"673\" src=\"https:\/\/cointrade.es\/wp-content\/uploads\/2025\/03\/Datos-del-mercado-en-vivo-en-el-telefono-5.jpg\" class=\"gb-image-5af07dd6\" alt=\"K00402 Datos del mercado en vivo en el tel&eacute;fono (5)\" srcset=\"https:\/\/cointrade.es\/wp-content\/uploads\/2025\/03\/Datos-del-mercado-en-vivo-en-el-telefono-5.jpg 1200w, https:\/\/cointrade.es\/wp-content\/uploads\/2025\/03\/Datos-del-mercado-en-vivo-en-el-telefono-5-300x168.jpg 300w, https:\/\/cointrade.es\/wp-content\/uploads\/2025\/03\/Datos-del-mercado-en-vivo-en-el-telefono-5-1024x574.jpg 1024w, https:\/\/cointrade.es\/wp-content\/uploads\/2025\/03\/Datos-del-mercado-en-vivo-en-el-telefono-5-768x431.jpg 768w\" sizes=\"auto, (max-width: 1200px) 100vw, 1200px\" title=\"\"><\/figure>\n\n<h2 class=\"gb-headline gb-headline-7785f7d0 gb-headline-text\"><a href=\"https:\/\/cointrade.es\/tr\/opinions\/instant-akpro-2\/\">K00402: Y&uuml;ksek Karl&#305;l&#305;k ve Geli&#351;mi&#351; G&uuml;venlik Sa&#287;layan Kripto Para Ticaret Platformu<\/a><\/h2>\n\n<div class=\"gb-container gb-container-2bd618e7\">\n<p class=\"gb-headline gb-headline-0bdc8439 gb-headline-text\"><time class=\"entry-date published\" datetime=\"2025-05-20T09:49:49+00:00\">May&#305;s 20, 2025<\/time><\/p>\n\n<p class=\"gb-headline gb-headline-95c495c2 gb-headline-text\">Billy Zambrano<\/p>\n<\/div>\n\n<div class=\"gb-headline gb-headline-82d89ab6 gb-headline-text\">2025 y&#305;l&#305;nda K00402&rsquo;yi test etti&#287;imde kripto para d&uuml;nyas&#305;nda ger&ccedil;ek anlamda fark yaratan bir platformla kar&#351;&#305;la&#351;t&#305;m. &#304;leri teknoloji ve finansal f&#305;rsatlar&#305;n birle&#351;imi yat&#305;r&#305;mc&#305;lar i&ccedil;in heyecan verici bir ortam yarat&#305;yor.<\/div>\n<\/div><\/div>\n\n<div class=\"gb-grid-column gb-grid-column-8ecd85f1 gb-query-loop-item post-28525 opinions type-opinions status-publish format-standard has-post-thumbnail hentry gblocks_pattern_collections-local-patterns\"><div class=\"gb-container gb-container-8ecd85f1\">\n<figure class=\"gb-block-image gb-block-image-5af07dd6\"><img loading=\"lazy\" decoding=\"async\" width=\"1200\" height=\"673\" src=\"https:\/\/cointrade.es\/wp-content\/uploads\/2025\/03\/Datos-del-mercado-en-vivo-en-el-telefono-6.jpg\" class=\"gb-image-5af07dd6\" alt=\"Datos del mercado en vivo en el tel&eacute;fono (6)\" srcset=\"https:\/\/cointrade.es\/wp-content\/uploads\/2025\/03\/Datos-del-mercado-en-vivo-en-el-telefono-6.jpg 1200w, https:\/\/cointrade.es\/wp-content\/uploads\/2025\/03\/Datos-del-mercado-en-vivo-en-el-telefono-6-300x168.jpg 300w, https:\/\/cointrade.es\/wp-content\/uploads\/2025\/03\/Datos-del-mercado-en-vivo-en-el-telefono-6-1024x574.jpg 1024w, https:\/\/cointrade.es\/wp-content\/uploads\/2025\/03\/Datos-del-mercado-en-vivo-en-el-telefono-6-768x431.jpg 768w\" sizes=\"auto, (max-width: 1200px) 100vw, 1200px\" title=\"\"><\/figure>\n\n<h2 class=\"gb-headline gb-headline-7785f7d0 gb-headline-text\"><a href=\"https:\/\/cointrade.es\/tr\/opinions\/instant-akpro\/\">K00401: Deneyiminizi Devrimle&#351;tiren Kripto Para Ticareti Platformu<\/a><\/h2>\n\n<div class=\"gb-container gb-container-2bd618e7\">\n<p class=\"gb-headline gb-headline-0bdc8439 gb-headline-text\"><time class=\"entry-date published\" datetime=\"2025-05-20T09:36:24+00:00\">May&#305;s 20, 2025<\/time><\/p>\n\n<p class=\"gb-headline gb-headline-95c495c2 gb-headline-text\">Anibal Diaz<\/p>\n<\/div>\n\n<div class=\"gb-headline gb-headline-82d89ab6 gb-headline-text\">K00401 kripto para ticareti konusundaki deneyimimi yeniden tan&#305;mlad&#305;. Gizli hileler olmadan &#351;effafl&#305;&#287;&#305; ve g&uuml;venli&#287;i &ouml;n planda tutan, g&uuml;venilir bir finansal ortak gibi davranan bir yapay zeka ile ticaret yapt&#305;&#287;&#305;n&#305;z&#305; hayal edin.<\/div>\n<\/div><\/div>\n\n<div class=\"gb-grid-column gb-grid-column-8ecd85f1 gb-query-loop-item post-28529 opinions type-opinions status-publish format-standard has-post-thumbnail hentry gblocks_pattern_collections-local-patterns\"><div class=\"gb-container gb-container-8ecd85f1\">\n<figure class=\"gb-block-image gb-block-image-5af07dd6\"><img loading=\"lazy\" decoding=\"async\" width=\"800\" height=\"448\" src=\"https:\/\/cointrade.es\/wp-content\/uploads\/2025\/03\/Visualizacion-de-la-aplicacion-del-mercado-de-valores-1.jpg\" class=\"gb-image-5af07dd6\" alt=\"K00400 Visualizaci&oacute;n de la aplicaci&oacute;n del mercado de valores (1)\" srcset=\"https:\/\/cointrade.es\/wp-content\/uploads\/2025\/03\/Visualizacion-de-la-aplicacion-del-mercado-de-valores-1.jpg 800w, https:\/\/cointrade.es\/wp-content\/uploads\/2025\/03\/Visualizacion-de-la-aplicacion-del-mercado-de-valores-1-300x168.jpg 300w, https:\/\/cointrade.es\/wp-content\/uploads\/2025\/03\/Visualizacion-de-la-aplicacion-del-mercado-de-valores-1-768x430.jpg 768w\" sizes=\"auto, (max-width: 800px) 100vw, 800px\" title=\"\"><\/figure>\n\n<h2 class=\"gb-headline gb-headline-7785f7d0 gb-headline-text\"><a href=\"https:\/\/cointrade.es\/tr\/opinions\/energy-proair-app\/\">K00400: Y&uuml;ksek Hassasiyetli Yapay Zeka Destekli Kripto Para Ticaret Platformu<\/a><\/h2>\n\n<div class=\"gb-container gb-container-2bd618e7\">\n<p class=\"gb-headline gb-headline-0bdc8439 gb-headline-text\"><time class=\"entry-date published\" datetime=\"2025-05-20T09:30:02+00:00\">May&#305;s 20, 2025<\/time><\/p>\n\n<p class=\"gb-headline gb-headline-95c495c2 gb-headline-text\">Hannibal Rodriguez<\/p>\n<\/div>\n\n<div class=\"gb-headline gb-headline-82d89ab6 gb-headline-text\">K00400, dijital varl&#305;k yat&#305;r&#305;m&#305;n&#305;n dinamik d&uuml;nyas&#305;na kap&#305; a&ccedil;an geli&#351;mi&#351; bir kripto para ticaret platformudur.<\/div>\n<\/div><\/div>\n\n<div class=\"gb-grid-column gb-grid-column-8ecd85f1 gb-query-loop-item post-28533 opinions type-opinions status-publish format-standard has-post-thumbnail hentry gblocks_pattern_collections-local-patterns\"><div class=\"gb-container gb-container-8ecd85f1\">\n<figure class=\"gb-block-image gb-block-image-5af07dd6\"><img loading=\"lazy\" decoding=\"async\" width=\"800\" height=\"448\" src=\"https:\/\/cointrade.es\/wp-content\/uploads\/2025\/03\/Visualizacion-de-la-aplicacion-del-mercado-de-valores-2.jpg\" class=\"gb-image-5af07dd6\" alt=\"Configuraci&oacute;n acogedora para trading nocturno (2) Visualizaci&oacute;n de la aplicaci&oacute;n del mercado de valores (2)\" srcset=\"https:\/\/cointrade.es\/wp-content\/uploads\/2025\/03\/Visualizacion-de-la-aplicacion-del-mercado-de-valores-2.jpg 800w, https:\/\/cointrade.es\/wp-content\/uploads\/2025\/03\/Visualizacion-de-la-aplicacion-del-mercado-de-valores-2-300x168.jpg 300w, https:\/\/cointrade.es\/wp-content\/uploads\/2025\/03\/Visualizacion-de-la-aplicacion-del-mercado-de-valores-2-768x430.jpg 768w\" sizes=\"auto, (max-width: 800px) 100vw, 800px\" title=\"\"><\/figure>\n\n<h2 class=\"gb-headline gb-headline-7785f7d0 gb-headline-text\"><a href=\"https:\/\/cointrade.es\/tr\/opinions\/energy-proair-review\/\">K00399: %90 Do&#287;ruluk Oran&#305;na Sahip Yapay Zeka Destekli Otomatik Ticaret Platformu<\/a><\/h2>\n\n<div class=\"gb-container gb-container-2bd618e7\">\n<p class=\"gb-headline gb-headline-0bdc8439 gb-headline-text\"><time class=\"entry-date published\" datetime=\"2025-05-20T09:28:32+00:00\">May&#305;s 20, 2025<\/time><\/p>\n\n<p class=\"gb-headline gb-headline-95c495c2 gb-headline-text\">Hannibal Rodriguez<\/p>\n<\/div>\n\n<div class=\"gb-headline gb-headline-82d89ab6 gb-headline-text\">Kripto para ticareti yapmaya ba&#351;laman&#305;za yard&#305;mc&#305; olacak bir platform ar&#305;yorsan&#305;z, K00399 ilgi &ccedil;ekici bir se&ccedil;enek olabilir.<\/div>\n<\/div><\/div>\n\n<div class=\"gb-grid-column gb-grid-column-8ecd85f1 gb-query-loop-item post-28537 opinions type-opinions status-publish format-standard has-post-thumbnail hentry gblocks_pattern_collections-local-patterns\"><div class=\"gb-container gb-container-8ecd85f1\">\n<figure class=\"gb-block-image gb-block-image-5af07dd6\"><img loading=\"lazy\" decoding=\"async\" width=\"800\" height=\"448\" src=\"https:\/\/cointrade.es\/wp-content\/uploads\/2025\/03\/Visualizacion-de-la-aplicacion-del-mercado-de-valores-3.jpg\" class=\"gb-image-5af07dd6\" alt=\"K00398 Visualizaci&oacute;n de la aplicaci&oacute;n del mercado de valores (3)\" srcset=\"https:\/\/cointrade.es\/wp-content\/uploads\/2025\/03\/Visualizacion-de-la-aplicacion-del-mercado-de-valores-3.jpg 800w, https:\/\/cointrade.es\/wp-content\/uploads\/2025\/03\/Visualizacion-de-la-aplicacion-del-mercado-de-valores-3-300x168.jpg 300w, https:\/\/cointrade.es\/wp-content\/uploads\/2025\/03\/Visualizacion-de-la-aplicacion-del-mercado-de-valores-3-768x430.jpg 768w\" sizes=\"auto, (max-width: 800px) 100vw, 800px\" title=\"\"><\/figure>\n\n<h2 class=\"gb-headline gb-headline-7785f7d0 gb-headline-text\"><a href=\"https:\/\/cointrade.es\/tr\/opinions\/energy-proair\/\">K00398: AI Destekli Otomatik Ticaret Platformu &ndash; Tam &#304;nceleme<\/a><\/h2>\n\n<div class=\"gb-container gb-container-2bd618e7\">\n<p class=\"gb-headline gb-headline-0bdc8439 gb-headline-text\"><time class=\"entry-date published\" datetime=\"2025-05-20T09:25:14+00:00\">May&#305;s 20, 2025<\/time><\/p>\n\n<p class=\"gb-headline gb-headline-95c495c2 gb-headline-text\">John Milla Cano<\/p>\n<\/div>\n\n<div class=\"gb-headline gb-headline-82d89ab6 gb-headline-text\">Ge&ccedil;ti&#287;imiz g&uuml;nlerde K00398 isimli otomatik i&#351;lem platformunu deneme f&#305;rsat&#305;m oldu ve bu platform bende &ccedil;ok olumlu bir izlenim b&#305;rakt&#305;.<\/div>\n<\/div><\/div>\n\n<div class=\"gb-grid-column gb-grid-column-8ecd85f1 gb-query-loop-item post-27173 opinions type-opinions status-publish format-standard has-post-thumbnail hentry gblocks_pattern_collections-local-patterns\"><div class=\"gb-container gb-container-8ecd85f1\">\n<figure class=\"gb-block-image gb-block-image-5af07dd6\"><img loading=\"lazy\" decoding=\"async\" width=\"800\" height=\"448\" src=\"https:\/\/cointrade.es\/wp-content\/uploads\/2025\/03\/Visualizacion-de-la-aplicacion-del-mercado-de-valores-4.jpg\" class=\"gb-image-5af07dd6\" alt=\"K00397 Visualizaci&oacute;n de la aplicaci&oacute;n del mercado de valores (4)\" srcset=\"https:\/\/cointrade.es\/wp-content\/uploads\/2025\/03\/Visualizacion-de-la-aplicacion-del-mercado-de-valores-4.jpg 800w, https:\/\/cointrade.es\/wp-content\/uploads\/2025\/03\/Visualizacion-de-la-aplicacion-del-mercado-de-valores-4-300x168.jpg 300w, https:\/\/cointrade.es\/wp-content\/uploads\/2025\/03\/Visualizacion-de-la-aplicacion-del-mercado-de-valores-4-768x430.jpg 768w\" sizes=\"auto, (max-width: 800px) 100vw, 800px\" title=\"\"><\/figure>\n\n<h2 class=\"gb-headline gb-headline-7785f7d0 gb-headline-text\"><a href=\"https:\/\/cointrade.es\/tr\/opinions\/gpt-lispro-app\/\">K00397: Kripto Para Ticaretinde Devrim Yaratan Otomatik Ticaret Platformu<\/a><\/h2>\n\n<div class=\"gb-container gb-container-2bd618e7\">\n<p class=\"gb-headline gb-headline-0bdc8439 gb-headline-text\"><time class=\"entry-date published\" datetime=\"2025-05-06T08:22:19+00:00\">May&#305;s 6, 2025<\/time><\/p>\n\n<p class=\"gb-headline gb-headline-95c495c2 gb-headline-text\">Billy Zambrano<\/p>\n<\/div>\n\n<div class=\"gb-headline gb-headline-82d89ab6 gb-headline-text\">Bir&ccedil;ok ki&#351;i taraf&#305;ndan \"kripto para otomatik ticaret gurusu\" olarak bilinen K00397, stratejilerini optimize etmek isteyen yat&#305;r&#305;mc&#305;lar&#305;n dikkatini &ccedil;ekti.<\/div>\n<\/div><\/div>\n\n<div class=\"gb-grid-column gb-grid-column-8ecd85f1 gb-query-loop-item post-27177 opinions type-opinions status-publish format-standard has-post-thumbnail hentry gblocks_pattern_collections-local-patterns\"><div class=\"gb-container gb-container-8ecd85f1\">\n<figure class=\"gb-block-image gb-block-image-5af07dd6\"><img loading=\"lazy\" decoding=\"async\" width=\"800\" height=\"448\" src=\"https:\/\/cointrade.es\/wp-content\/uploads\/2025\/03\/Visualizacion-de-la-aplicacion-del-mercado-de-valores-5.jpg\" class=\"gb-image-5af07dd6\" alt=\"K00396 Visualizaci&oacute;n de la aplicaci&oacute;n del mercado de valores (5)\" srcset=\"https:\/\/cointrade.es\/wp-content\/uploads\/2025\/03\/Visualizacion-de-la-aplicacion-del-mercado-de-valores-5.jpg 800w, https:\/\/cointrade.es\/wp-content\/uploads\/2025\/03\/Visualizacion-de-la-aplicacion-del-mercado-de-valores-5-300x168.jpg 300w, https:\/\/cointrade.es\/wp-content\/uploads\/2025\/03\/Visualizacion-de-la-aplicacion-del-mercado-de-valores-5-768x430.jpg 768w\" sizes=\"auto, (max-width: 800px) 100vw, 800px\" title=\"\"><\/figure>\n\n<h2 class=\"gb-headline gb-headline-7785f7d0 gb-headline-text\"><a href=\"https:\/\/cointrade.es\/tr\/opinions\/gpt-lispro-review\/\">K00396: Y&uuml;ksek Karl&#305; Otomatik Ticaret Platformu<\/a><\/h2>\n\n<div class=\"gb-container gb-container-2bd618e7\">\n<p class=\"gb-headline gb-headline-0bdc8439 gb-headline-text\"><time class=\"entry-date published\" datetime=\"2025-05-06T08:21:13+00:00\">May&#305;s 6, 2025<\/time><\/p>\n\n<p class=\"gb-headline gb-headline-95c495c2 gb-headline-text\">Anibal Diaz<\/p>\n<\/div>\n\n<div class=\"gb-headline gb-headline-82d89ab6 gb-headline-text\">Y&#305;l 2025 ve K00396 ticaretinin ne kadar &ouml;d&uuml;llendirici olabilece&#287;ini ke&#351;fettiniz. 250$ gibi uygun bir ilk yat&#305;r&#305;mla bu platform, geli&#351;mi&#351; algoritmalar&#305;n k&acirc;r&#305;n&#305;z&#305; optimize etmek i&ccedil;in yorulmadan &ccedil;al&#305;&#351;t&#305;&#287;&#305; heyecan verici bir otomatik ticaret d&uuml;nyas&#305;n&#305;n kap&#305;lar&#305;n&#305; a&ccedil;&#305;yor.<\/div>\n<\/div><\/div>\n<\/div>\n\n<div class=\"gb-container gb-container-f2a5051a gb-query-loop-pagination\">\n\n\n<span class=\"gb-button gb-button-ca78404d gb-button-text page-numbers gb-block-is-current\" aria-current=\"page\">1<\/span><a class=\"gb-button gb-button-ca78404d gb-button-text page-numbers\" href=\"?query-1350b371-page=2\">2<\/a><a class=\"gb-button gb-button-ca78404d gb-button-text page-numbers\" href=\"?query-1350b371-page=3\">3<\/a><span class=\"gb-button gb-button-ca78404d gb-button-text page-numbers dots\">&hellip;<\/span><a class=\"gb-button gb-button-ca78404d gb-button-text page-numbers\" href=\"?query-1350b371-page=5\">5<\/a>\n\n<a class=\"gb-button gb-button-3b8f5e45 gb-button-text\" href=\"\/tr\/wp-json\/wp\/v2\/pages\/23158?query-1350b371-page=2\">Sonraki<\/a>\n<\/div>\n\n<\/div>\n<\/div>\n","protected":false},"excerpt":{"rendered":"<p>Ticaret yapmak zor olabilir. Takip edilmesi gereken &ccedil;ok &#351;ey vard&#305;r. Hata yapmak kolayd&#305;r. Yapay zeka ve otomasyon yard&#305;mc&#305; olabilir. G&ouml;zden ka&ccedil;&#305;rabilece&#287;iniz &#351;eyleri tespit ederler. G&ouml;revleri sizin yapabilece&#287;inizden daha h&#305;zl&#305; hallederler. Ama sihirli de&#287;iller. Hala ne yapt&#305;&#287;&#305;n&#305;z&#305; bilmeniz gerekir. Cointrade.co.uk&rsquo;de AI ve otomasyon kullanan ticaret ara&ccedil;lar&#305;na bak&#305;yoruz &ndash; kullan&#305;m&#305; kolay m&#305;, ger&ccedil;ekten yard&#305;mc&#305; oluyorlar m&#305; ve &#8230; <a title=\"Daha ak\u0131ll\u0131 operasyonlar i\u00e7in en iyi yapay zeka ve otomasyon ara\u00e7lar\u0131n\u0131 ke\u015ffedin\" class=\"read-more\" href=\"https:\/\/cointrade.es\/tr\/opiniones\/\" aria-label=\"Read more about Daha ak\u0131ll\u0131 operasyonlar i\u00e7in en iyi yapay zeka ve otomasyon ara\u00e7lar\u0131n\u0131 ke\u015ffedin\">Read more<\/a><\/p>\n","protected":false},"author":1,"featured_media":0,"parent":0,"menu_order":0,"comment_status":"closed","ping_status":"closed","template":"","meta":{"footnotes":""},"class_list":["post-23158","page","type-page","status-publish"],"rank_math_title":"Yapay zeka tabanl\u0131 ticaret ara\u00e7lar\u0131n\u0131n tarafs\u0131z incelemeleri | Cointrade.co.uk","rank_math_description":"Yapay zeka ve otomasyon teknolojilerini kullanan ticari projelerin d\u00fcr\u00fcst incelemelerini ke\u015ffedin. Operasyonlar\u0131 basitle\u015ftiren ve kontrol\u00fc size veren ara\u00e7lar\u0131 bulun. ","rank_math_focus_keyword":"Cointrade","_links":{"self":[{"href":"https:\/\/cointrade.es\/tr\/wp-json\/wp\/v2\/pages\/23158","targetHints":{"allow":["GET"]}}],"collection":[{"href":"https:\/\/cointrade.es\/tr\/wp-json\/wp\/v2\/pages"}],"about":[{"href":"https:\/\/cointrade.es\/tr\/wp-json\/wp\/v2\/types\/page"}],"author":[{"embeddable":true,"href":"https:\/\/cointrade.es\/tr\/wp-json\/wp\/v2\/users\/1"}],"replies":[{"embeddable":true,"href":"https:\/\/cointrade.es\/tr\/wp-json\/wp\/v2\/comments?post=23158"}],"version-history":[{"count":0,"href":"https:\/\/cointrade.es\/tr\/wp-json\/wp\/v2\/pages\/23158\/revisions"}],"wp:attachment":[{"href":"https:\/\/cointrade.es\/tr\/wp-json\/wp\/v2\/media?parent=23158"}],"curies":[{"name":"wp","href":"https:\/\/api.w.org\/{rel}","templated":true}]}}