{"id":23163,"date":"2024-12-30T10:13:01","date_gmt":"2024-12-30T10:13:01","guid":{"rendered":"https:\/\/cointrade.es\/descubra-as-melhores-ferramentas-de-inteligencia-artificial-e-automacao-para-operacoes-mais-inteligentes\/"},"modified":"2025-01-02T14:24:33","modified_gmt":"2025-01-02T14:24:33","slug":"opiniones","status":"publish","type":"page","link":"https:\/\/cointrade.es\/pt-br\/opiniones\/","title":{"rendered":"Descubra as melhores ferramentas de intelig\u00eancia artificial e automa\u00e7\u00e3o para opera\u00e7\u00f5es mais inteligentes"},"content":{"rendered":"<?xml encoding=\"UTF-8\"><div class=\"gb-container gb-container-736c85e5\">\n<div class=\"gb-container gb-container-a4aec32a\">\n\n<p>Negociar pode ser dif&iacute;cil. H&aacute; muita coisa para acompanhar. &Eacute; f&aacute;cil cometer erros. A IA e a automa&ccedil;&atilde;o podem ajudar. Elas detectam coisas que voc&ecirc; pode deixar passar. Elas cuidam das tarefas mais rapidamente do que voc&ecirc;. Mas elas n&atilde;o s&atilde;o m&aacute;gicas. Voc&ecirc; ainda precisa saber o que est&aacute; fazendo.       <\/p>\n\n\n\n<p>Na Cointrade.co.uk, analisamos as ferramentas de negocia&ccedil;&atilde;o que usam IA e automa&ccedil;&atilde;o &ndash; elas s&atilde;o f&aacute;ceis de usar, realmente ajudam e o que os outros traders acham? N&oacute;s as verificamos para que voc&ecirc; possa decidir qual &eacute; a melhor para voc&ecirc;.    <\/p>\n\n\n\n<p>Essas ferramentas podem facilitar a negocia&ccedil;&atilde;o. Mas elas n&atilde;o far&atilde;o o trabalho por voc&ecirc;. Se quiser ter sucesso, voc&ecirc; precisa manter o foco. A IA ajuda, mas voc&ecirc; &eacute; o respons&aacute;vel.   <\/p>\n\n\n\n<p>Aqui, n&oacute;s mantemos a simplicidade. Sem exageros. Sem grandes promessas. Apenas avalia&ccedil;&otilde;es honestas para ajudar voc&ecirc; a operar melhor.   <\/p>\n\n\n\n<div class=\"gb-grid-wrapper gb-grid-wrapper-f5fb5079 gb-query-loop-wrapper\">\n<div class=\"gb-grid-column gb-grid-column-5697a7f0 gb-query-loop-item post-28557 opinions type-opinions status-publish format-standard has-post-thumbnail hentry gblocks_pattern_collections-local-patterns\"><div class=\"gb-container gb-container-5697a7f0\">\n<figure class=\"gb-block-image gb-block-image-f73a6f18\"><img loading=\"lazy\" decoding=\"async\" width=\"1200\" height=\"673\" src=\"https:\/\/cointrade.es\/wp-content\/uploads\/2025\/04\/Aplicacion-de-comercio-telefonico-plegable-2.jpg\" class=\"gb-image-f73a6f18\" alt=\"Aplicaci&oacute;n de comercio telef&oacute;nico plegable (2)\" srcset=\"https:\/\/cointrade.es\/wp-content\/uploads\/2025\/04\/Aplicacion-de-comercio-telefonico-plegable-2.jpg 1200w, https:\/\/cointrade.es\/wp-content\/uploads\/2025\/04\/Aplicacion-de-comercio-telefonico-plegable-2-300x168.jpg 300w, https:\/\/cointrade.es\/wp-content\/uploads\/2025\/04\/Aplicacion-de-comercio-telefonico-plegable-2-1024x574.jpg 1024w, https:\/\/cointrade.es\/wp-content\/uploads\/2025\/04\/Aplicacion-de-comercio-telefonico-plegable-2-768x431.jpg 768w\" sizes=\"auto, (max-width: 1200px) 100vw, 1200px\" title=\"\"><\/figure>\n\n<h2 class=\"gb-headline gb-headline-45557597 gb-headline-text\"><a href=\"https:\/\/cointrade.es\/pt-br\/opinions\/ethereum-cormax-app\/\">K00411: An&aacute;lise especializada de plataformas de negocia&ccedil;&atilde;o de IA para 2025<\/a><\/h2>\n\n<div class=\"gb-container gb-container-169c20f5\">\n<p class=\"gb-headline gb-headline-1c86de72 gb-headline-text\"><time class=\"entry-date published\" datetime=\"2025-05-28T07:58:24+00:00\">maio 28, 2025<\/time><\/p>\n\n<p class=\"gb-headline gb-headline-d6e2e197 gb-headline-text\">Hannibal Rodriguez<\/p>\n<\/div>\n\n<div class=\"gb-headline gb-headline-563adf47 gb-headline-text\">Como analista financeiro certificado pela Chartered Financial Analyst (CFA) com mais de dez anos de experi&ecirc;ncia no desenvolvimento de estrat&eacute;gias de investimento, tenho o prazer de apresentar uma an&aacute;lise detalhada do K00411, uma plataforma que est&aacute; ganhando aten&ccedil;&atilde;o no cen&aacute;rio de finan&ccedil;as digitais de 2025.<\/div>\n<\/div><\/div>\n<\/div>\n\n\n\n<div class=\"gb-grid-wrapper gb-grid-wrapper-2d3e2b96 gb-query-loop-wrapper\">\n<div class=\"gb-grid-column gb-grid-column-8ecd85f1 gb-query-loop-item post-28561 opinions type-opinions status-publish format-standard has-post-thumbnail hentry gblocks_pattern_collections-local-patterns\"><div class=\"gb-container gb-container-8ecd85f1\">\n<figure class=\"gb-block-image gb-block-image-5af07dd6\"><img loading=\"lazy\" decoding=\"async\" width=\"1200\" height=\"673\" src=\"https:\/\/cointrade.es\/wp-content\/uploads\/2025\/04\/Aplicacion-de-comercio-telefonico-plegable-3.jpg\" class=\"gb-image-5af07dd6\" alt=\"Aplicaci&oacute;n de comercio telef&oacute;nico plegable (3)\" srcset=\"https:\/\/cointrade.es\/wp-content\/uploads\/2025\/04\/Aplicacion-de-comercio-telefonico-plegable-3.jpg 1200w, https:\/\/cointrade.es\/wp-content\/uploads\/2025\/04\/Aplicacion-de-comercio-telefonico-plegable-3-300x168.jpg 300w, https:\/\/cointrade.es\/wp-content\/uploads\/2025\/04\/Aplicacion-de-comercio-telefonico-plegable-3-1024x574.jpg 1024w, https:\/\/cointrade.es\/wp-content\/uploads\/2025\/04\/Aplicacion-de-comercio-telefonico-plegable-3-768x431.jpg 768w\" sizes=\"auto, (max-width: 1200px) 100vw, 1200px\" title=\"\"><\/figure>\n\n<h2 class=\"gb-headline gb-headline-7785f7d0 gb-headline-text\"><a href=\"https:\/\/cointrade.es\/pt-br\/opinions\/ethereum-cormax-review\/\">An&aacute;lise completa do K00410 em 2025: oportunidade ou risco para investidores em criptomoedas?<\/a><\/h2>\n\n<div class=\"gb-container gb-container-2bd618e7\">\n<p class=\"gb-headline gb-headline-0bdc8439 gb-headline-text\"><time class=\"entry-date published\" datetime=\"2025-05-28T07:56:18+00:00\">maio 28, 2025<\/time><\/p>\n\n<p class=\"gb-headline gb-headline-95c495c2 gb-headline-text\">John Milla Cano<\/p>\n<\/div>\n\n<div class=\"gb-headline gb-headline-82d89ab6 gb-headline-text\">Como analista financeiro certificado pela CFA com mais de 10 anos de experi&ecirc;ncia em mercados digitais, apresento uma an&aacute;lise abrangente e atualizada da plataforma K00410 no contexto de 2025.<\/div>\n<\/div><\/div>\n\n<div class=\"gb-grid-column gb-grid-column-8ecd85f1 gb-query-loop-item post-28565 opinions type-opinions status-publish format-standard has-post-thumbnail hentry gblocks_pattern_collections-local-patterns\"><div class=\"gb-container gb-container-8ecd85f1\">\n<figure class=\"gb-block-image gb-block-image-5af07dd6\"><img loading=\"lazy\" decoding=\"async\" width=\"1200\" height=\"673\" src=\"https:\/\/cointrade.es\/wp-content\/uploads\/2025\/03\/Hombre-de-negocios-escribiendo-en-una-computadora-portatil-1.jpg\" class=\"gb-image-5af07dd6\" alt=\"K00409 Hombre de negocios escribiendo en una computadora port&aacute;til (1)\" srcset=\"https:\/\/cointrade.es\/wp-content\/uploads\/2025\/03\/Hombre-de-negocios-escribiendo-en-una-computadora-portatil-1.jpg 1200w, https:\/\/cointrade.es\/wp-content\/uploads\/2025\/03\/Hombre-de-negocios-escribiendo-en-una-computadora-portatil-1-300x168.jpg 300w, https:\/\/cointrade.es\/wp-content\/uploads\/2025\/03\/Hombre-de-negocios-escribiendo-en-una-computadora-portatil-1-1024x574.jpg 1024w, https:\/\/cointrade.es\/wp-content\/uploads\/2025\/03\/Hombre-de-negocios-escribiendo-en-una-computadora-portatil-1-768x431.jpg 768w\" sizes=\"auto, (max-width: 1200px) 100vw, 1200px\" title=\"\"><\/figure>\n\n<h2 class=\"gb-headline gb-headline-7785f7d0 gb-headline-text\"><a href=\"https:\/\/cointrade.es\/pt-br\/opinions\/ethereum-cormax\/\">K00409: Plataforma de negocia&ccedil;&atilde;o automatizada com 85% de precis&atilde;o e tecnologia de ponta<\/a><\/h2>\n\n<div class=\"gb-container gb-container-2bd618e7\">\n<p class=\"gb-headline gb-headline-0bdc8439 gb-headline-text\"><time class=\"entry-date published\" datetime=\"2025-05-28T07:54:31+00:00\">maio 28, 2025<\/time><\/p>\n\n<p class=\"gb-headline gb-headline-95c495c2 gb-headline-text\">Hannibal Rodriguez<\/p>\n<\/div>\n\n<div class=\"gb-headline gb-headline-82d89ab6 gb-headline-text\">Ap&oacute;s uma an&aacute;lise detalhada do K00409, devo admitir que ele cumpre o que promete de uma forma surpreendente. Esta plataforma se destaca por oferecer uma taxa de precis&atilde;o de 85% e &iacute;ndices de desempenho que variam entre 30% e 40%, n&uacute;meros que n&atilde;o passam despercebidos.<\/div>\n<\/div><\/div>\n\n<div class=\"gb-grid-column gb-grid-column-8ecd85f1 gb-query-loop-item post-28516 opinions type-opinions status-publish format-standard has-post-thumbnail hentry gblocks_pattern_collections-local-patterns\"><div class=\"gb-container gb-container-8ecd85f1\">\n<figure class=\"gb-block-image gb-block-image-5af07dd6\"><img loading=\"lazy\" decoding=\"async\" width=\"1200\" height=\"673\" src=\"https:\/\/cointrade.es\/wp-content\/uploads\/2025\/03\/Datos-del-mercado-en-vivo-en-el-telefono-4.jpg\" class=\"gb-image-5af07dd6\" alt=\"K00403 Datos del mercado en vivo en el tel&eacute;fono (4)\" srcset=\"https:\/\/cointrade.es\/wp-content\/uploads\/2025\/03\/Datos-del-mercado-en-vivo-en-el-telefono-4.jpg 1200w, https:\/\/cointrade.es\/wp-content\/uploads\/2025\/03\/Datos-del-mercado-en-vivo-en-el-telefono-4-300x168.jpg 300w, https:\/\/cointrade.es\/wp-content\/uploads\/2025\/03\/Datos-del-mercado-en-vivo-en-el-telefono-4-1024x574.jpg 1024w, https:\/\/cointrade.es\/wp-content\/uploads\/2025\/03\/Datos-del-mercado-en-vivo-en-el-telefono-4-768x431.jpg 768w\" sizes=\"auto, (max-width: 1200px) 100vw, 1200px\" title=\"\"><\/figure>\n\n<h2 class=\"gb-headline gb-headline-7785f7d0 gb-headline-text\"><a href=\"https:\/\/cointrade.es\/pt-br\/opinions\/instant-akpro-app\/\">K00403: Plataforma de negocia&ccedil;&atilde;o automatizada com tecnologia de IA e alta lucratividade<\/a><\/h2>\n\n<div class=\"gb-container gb-container-2bd618e7\">\n<p class=\"gb-headline gb-headline-0bdc8439 gb-headline-text\"><time class=\"entry-date published\" datetime=\"2025-05-20T09:51:47+00:00\">maio 20, 2025<\/time><\/p>\n\n<p class=\"gb-headline gb-headline-95c495c2 gb-headline-text\">Hannibal Rodriguez<\/p>\n<\/div>\n\n<div class=\"gb-headline gb-headline-82d89ab6 gb-headline-text\">Depois de explorar minuciosamente a plataforma de negocia&ccedil;&atilde;o K00403, descobri v&aacute;rios aspectos que a fazem se destacar no competitivo mundo da negocia&ccedil;&atilde;o on-line.<\/div>\n<\/div><\/div>\n\n<div class=\"gb-grid-column gb-grid-column-8ecd85f1 gb-query-loop-item post-28520 opinions type-opinions status-publish format-standard has-post-thumbnail hentry gblocks_pattern_collections-local-patterns\"><div class=\"gb-container gb-container-8ecd85f1\">\n<figure class=\"gb-block-image gb-block-image-5af07dd6\"><img loading=\"lazy\" decoding=\"async\" width=\"1200\" height=\"673\" src=\"https:\/\/cointrade.es\/wp-content\/uploads\/2025\/03\/Datos-del-mercado-en-vivo-en-el-telefono-5.jpg\" class=\"gb-image-5af07dd6\" alt=\"K00402 Datos del mercado en vivo en el tel&eacute;fono (5)\" srcset=\"https:\/\/cointrade.es\/wp-content\/uploads\/2025\/03\/Datos-del-mercado-en-vivo-en-el-telefono-5.jpg 1200w, https:\/\/cointrade.es\/wp-content\/uploads\/2025\/03\/Datos-del-mercado-en-vivo-en-el-telefono-5-300x168.jpg 300w, https:\/\/cointrade.es\/wp-content\/uploads\/2025\/03\/Datos-del-mercado-en-vivo-en-el-telefono-5-1024x574.jpg 1024w, https:\/\/cointrade.es\/wp-content\/uploads\/2025\/03\/Datos-del-mercado-en-vivo-en-el-telefono-5-768x431.jpg 768w\" sizes=\"auto, (max-width: 1200px) 100vw, 1200px\" title=\"\"><\/figure>\n\n<h2 class=\"gb-headline gb-headline-7785f7d0 gb-headline-text\"><a href=\"https:\/\/cointrade.es\/pt-br\/opinions\/instant-akpro-2\/\">K00402: A plataforma de negocia&ccedil;&atilde;o de criptomoedas com alta lucratividade e seguran&ccedil;a avan&ccedil;ada<\/a><\/h2>\n\n<div class=\"gb-container gb-container-2bd618e7\">\n<p class=\"gb-headline gb-headline-0bdc8439 gb-headline-text\"><time class=\"entry-date published\" datetime=\"2025-05-20T09:49:49+00:00\">maio 20, 2025<\/time><\/p>\n\n<p class=\"gb-headline gb-headline-95c495c2 gb-headline-text\">Billy Zambrano<\/p>\n<\/div>\n\n<div class=\"gb-headline gb-headline-82d89ab6 gb-headline-text\">Ao testar o K00402 em 2025, encontrei uma plataforma que realmente faz a diferen&ccedil;a no mundo das criptomoedas. A combina&ccedil;&atilde;o de tecnologia avan&ccedil;ada e oportunidades financeiras cria um ambiente estimulante para os traders.<\/div>\n<\/div><\/div>\n\n<div class=\"gb-grid-column gb-grid-column-8ecd85f1 gb-query-loop-item post-28524 opinions type-opinions status-publish format-standard has-post-thumbnail hentry gblocks_pattern_collections-local-patterns\"><div class=\"gb-container gb-container-8ecd85f1\">\n<figure class=\"gb-block-image gb-block-image-5af07dd6\"><img loading=\"lazy\" decoding=\"async\" width=\"1200\" height=\"673\" src=\"https:\/\/cointrade.es\/wp-content\/uploads\/2025\/03\/Datos-del-mercado-en-vivo-en-el-telefono-6.jpg\" class=\"gb-image-5af07dd6\" alt=\"Datos del mercado en vivo en el tel&eacute;fono (6)\" srcset=\"https:\/\/cointrade.es\/wp-content\/uploads\/2025\/03\/Datos-del-mercado-en-vivo-en-el-telefono-6.jpg 1200w, https:\/\/cointrade.es\/wp-content\/uploads\/2025\/03\/Datos-del-mercado-en-vivo-en-el-telefono-6-300x168.jpg 300w, https:\/\/cointrade.es\/wp-content\/uploads\/2025\/03\/Datos-del-mercado-en-vivo-en-el-telefono-6-1024x574.jpg 1024w, https:\/\/cointrade.es\/wp-content\/uploads\/2025\/03\/Datos-del-mercado-en-vivo-en-el-telefono-6-768x431.jpg 768w\" sizes=\"auto, (max-width: 1200px) 100vw, 1200px\" title=\"\"><\/figure>\n\n<h2 class=\"gb-headline gb-headline-7785f7d0 gb-headline-text\"><a href=\"https:\/\/cointrade.es\/pt-br\/opinions\/instant-akpro\/\">K00401: A plataforma de negocia&ccedil;&atilde;o de criptomoedas que revoluciona sua experi&ecirc;ncia<\/a><\/h2>\n\n<div class=\"gb-container gb-container-2bd618e7\">\n<p class=\"gb-headline gb-headline-0bdc8439 gb-headline-text\"><time class=\"entry-date published\" datetime=\"2025-05-20T09:36:24+00:00\">maio 20, 2025<\/time><\/p>\n\n<p class=\"gb-headline gb-headline-95c495c2 gb-headline-text\">Anibal Diaz<\/p>\n<\/div>\n\n<div class=\"gb-headline gb-headline-82d89ab6 gb-headline-text\">K00401 redefiniu minha experi&ecirc;ncia em negocia&ccedil;&atilde;o de criptomoedas. Imagine negociar com uma IA que atua como uma parceira financeira confi&aacute;vel, priorizando transpar&ecirc;ncia e seguran&ccedil;a sem truques ocultos.<\/div>\n<\/div><\/div>\n\n<div class=\"gb-grid-column gb-grid-column-8ecd85f1 gb-query-loop-item post-28528 opinions type-opinions status-publish format-standard has-post-thumbnail hentry gblocks_pattern_collections-local-patterns\"><div class=\"gb-container gb-container-8ecd85f1\">\n<figure class=\"gb-block-image gb-block-image-5af07dd6\"><img loading=\"lazy\" decoding=\"async\" width=\"800\" height=\"448\" src=\"https:\/\/cointrade.es\/wp-content\/uploads\/2025\/03\/Visualizacion-de-la-aplicacion-del-mercado-de-valores-1.jpg\" class=\"gb-image-5af07dd6\" alt=\"K00400 Visualizaci&oacute;n de la aplicaci&oacute;n del mercado de valores (1)\" srcset=\"https:\/\/cointrade.es\/wp-content\/uploads\/2025\/03\/Visualizacion-de-la-aplicacion-del-mercado-de-valores-1.jpg 800w, https:\/\/cointrade.es\/wp-content\/uploads\/2025\/03\/Visualizacion-de-la-aplicacion-del-mercado-de-valores-1-300x168.jpg 300w, https:\/\/cointrade.es\/wp-content\/uploads\/2025\/03\/Visualizacion-de-la-aplicacion-del-mercado-de-valores-1-768x430.jpg 768w\" sizes=\"auto, (max-width: 800px) 100vw, 800px\" title=\"\"><\/figure>\n\n<h2 class=\"gb-headline gb-headline-7785f7d0 gb-headline-text\"><a href=\"https:\/\/cointrade.es\/pt-br\/opinions\/energy-proair-app\/\">K00400: A plataforma de negocia&ccedil;&atilde;o de criptomoedas de alta precis&atilde;o com tecnologia de IA<\/a><\/h2>\n\n<div class=\"gb-container gb-container-2bd618e7\">\n<p class=\"gb-headline gb-headline-0bdc8439 gb-headline-text\"><time class=\"entry-date published\" datetime=\"2025-05-20T09:30:02+00:00\">maio 20, 2025<\/time><\/p>\n\n<p class=\"gb-headline gb-headline-95c495c2 gb-headline-text\">Hannibal Rodriguez<\/p>\n<\/div>\n\n<div class=\"gb-headline gb-headline-82d89ab6 gb-headline-text\">K00400 &eacute; uma plataforma avan&ccedil;ada de negocia&ccedil;&atilde;o de criptomoedas que abre as portas para um mundo din&acirc;mico de investimentos em ativos digitais.<\/div>\n<\/div><\/div>\n\n<div class=\"gb-grid-column gb-grid-column-8ecd85f1 gb-query-loop-item post-28532 opinions type-opinions status-publish format-standard has-post-thumbnail hentry gblocks_pattern_collections-local-patterns\"><div class=\"gb-container gb-container-8ecd85f1\">\n<figure class=\"gb-block-image gb-block-image-5af07dd6\"><img loading=\"lazy\" decoding=\"async\" width=\"800\" height=\"448\" src=\"https:\/\/cointrade.es\/wp-content\/uploads\/2025\/03\/Visualizacion-de-la-aplicacion-del-mercado-de-valores-2.jpg\" class=\"gb-image-5af07dd6\" alt=\"Configuraci&oacute;n acogedora para trading nocturno (2) Visualizaci&oacute;n de la aplicaci&oacute;n del mercado de valores (2)\" srcset=\"https:\/\/cointrade.es\/wp-content\/uploads\/2025\/03\/Visualizacion-de-la-aplicacion-del-mercado-de-valores-2.jpg 800w, https:\/\/cointrade.es\/wp-content\/uploads\/2025\/03\/Visualizacion-de-la-aplicacion-del-mercado-de-valores-2-300x168.jpg 300w, https:\/\/cointrade.es\/wp-content\/uploads\/2025\/03\/Visualizacion-de-la-aplicacion-del-mercado-de-valores-2-768x430.jpg 768w\" sizes=\"auto, (max-width: 800px) 100vw, 800px\" title=\"\"><\/figure>\n\n<h2 class=\"gb-headline gb-headline-7785f7d0 gb-headline-text\"><a href=\"https:\/\/cointrade.es\/pt-br\/opinions\/energy-proair-review\/\">K00399: Plataforma de Auto-Negocia&ccedil;&atilde;o com Tecnologia de IA e 90% de Precis&atilde;o<\/a><\/h2>\n\n<div class=\"gb-container gb-container-2bd618e7\">\n<p class=\"gb-headline gb-headline-0bdc8439 gb-headline-text\"><time class=\"entry-date published\" datetime=\"2025-05-20T09:28:32+00:00\">maio 20, 2025<\/time><\/p>\n\n<p class=\"gb-headline gb-headline-95c495c2 gb-headline-text\">Hannibal Rodriguez<\/p>\n<\/div>\n\n<div class=\"gb-headline gb-headline-82d89ab6 gb-headline-text\">Se voc&ecirc; est&aacute; procurando uma plataforma para ajudar voc&ecirc; a come&ccedil;ar a negociar criptomoedas, a K00399 pode ser uma op&ccedil;&atilde;o interessante.<\/div>\n<\/div><\/div>\n\n<div class=\"gb-grid-column gb-grid-column-8ecd85f1 gb-query-loop-item post-28536 opinions type-opinions status-publish format-standard has-post-thumbnail hentry gblocks_pattern_collections-local-patterns\"><div class=\"gb-container gb-container-8ecd85f1\">\n<figure class=\"gb-block-image gb-block-image-5af07dd6\"><img loading=\"lazy\" decoding=\"async\" width=\"800\" height=\"448\" src=\"https:\/\/cointrade.es\/wp-content\/uploads\/2025\/03\/Visualizacion-de-la-aplicacion-del-mercado-de-valores-3.jpg\" class=\"gb-image-5af07dd6\" alt=\"K00398 Visualizaci&oacute;n de la aplicaci&oacute;n del mercado de valores (3)\" srcset=\"https:\/\/cointrade.es\/wp-content\/uploads\/2025\/03\/Visualizacion-de-la-aplicacion-del-mercado-de-valores-3.jpg 800w, https:\/\/cointrade.es\/wp-content\/uploads\/2025\/03\/Visualizacion-de-la-aplicacion-del-mercado-de-valores-3-300x168.jpg 300w, https:\/\/cointrade.es\/wp-content\/uploads\/2025\/03\/Visualizacion-de-la-aplicacion-del-mercado-de-valores-3-768x430.jpg 768w\" sizes=\"auto, (max-width: 800px) 100vw, 800px\" title=\"\"><\/figure>\n\n<h2 class=\"gb-headline gb-headline-7785f7d0 gb-headline-text\"><a href=\"https:\/\/cointrade.es\/pt-br\/opinions\/energy-proair\/\">K00398: Plataforma de Auto Trading com Tecnologia de IA &ndash; An&aacute;lise Completa<\/a><\/h2>\n\n<div class=\"gb-container gb-container-2bd618e7\">\n<p class=\"gb-headline gb-headline-0bdc8439 gb-headline-text\"><time class=\"entry-date published\" datetime=\"2025-05-20T09:25:14+00:00\">maio 20, 2025<\/time><\/p>\n\n<p class=\"gb-headline gb-headline-95c495c2 gb-headline-text\">John Milla Cano<\/p>\n<\/div>\n\n<div class=\"gb-headline gb-headline-82d89ab6 gb-headline-text\">Recentemente, tive a oportunidade de testar o K00398, uma plataforma de negocia&ccedil;&atilde;o automatizada que deixou uma impress&atilde;o muito positiva em mim.<\/div>\n<\/div><\/div>\n\n<div class=\"gb-grid-column gb-grid-column-8ecd85f1 gb-query-loop-item post-27172 opinions type-opinions status-publish format-standard has-post-thumbnail hentry gblocks_pattern_collections-local-patterns\"><div class=\"gb-container gb-container-8ecd85f1\">\n<figure class=\"gb-block-image gb-block-image-5af07dd6\"><img loading=\"lazy\" decoding=\"async\" width=\"800\" height=\"448\" src=\"https:\/\/cointrade.es\/wp-content\/uploads\/2025\/03\/Visualizacion-de-la-aplicacion-del-mercado-de-valores-4.jpg\" class=\"gb-image-5af07dd6\" alt=\"K00397 Visualizaci&oacute;n de la aplicaci&oacute;n del mercado de valores (4)\" srcset=\"https:\/\/cointrade.es\/wp-content\/uploads\/2025\/03\/Visualizacion-de-la-aplicacion-del-mercado-de-valores-4.jpg 800w, https:\/\/cointrade.es\/wp-content\/uploads\/2025\/03\/Visualizacion-de-la-aplicacion-del-mercado-de-valores-4-300x168.jpg 300w, https:\/\/cointrade.es\/wp-content\/uploads\/2025\/03\/Visualizacion-de-la-aplicacion-del-mercado-de-valores-4-768x430.jpg 768w\" sizes=\"auto, (max-width: 800px) 100vw, 800px\" title=\"\"><\/figure>\n\n<h2 class=\"gb-headline gb-headline-7785f7d0 gb-headline-text\"><a href=\"https:\/\/cointrade.es\/pt-br\/opinions\/gpt-lispro-app\/\">K00397: A plataforma de negocia&ccedil;&atilde;o automatizada que revoluciona a negocia&ccedil;&atilde;o de criptomoedas<\/a><\/h2>\n\n<div class=\"gb-container gb-container-2bd618e7\">\n<p class=\"gb-headline gb-headline-0bdc8439 gb-headline-text\"><time class=\"entry-date published\" datetime=\"2025-05-06T08:22:19+00:00\">maio 6, 2025<\/time><\/p>\n\n<p class=\"gb-headline gb-headline-95c495c2 gb-headline-text\">Billy Zambrano<\/p>\n<\/div>\n\n<div class=\"gb-headline gb-headline-82d89ab6 gb-headline-text\">K00397, conhecido por muitos como o &ldquo;guru da negocia&ccedil;&atilde;o automatizada de criptomoedas&rdquo;, conquistou a aten&ccedil;&atilde;o de investidores que buscam otimizar suas estrat&eacute;gias.<\/div>\n<\/div><\/div>\n\n<div class=\"gb-grid-column gb-grid-column-8ecd85f1 gb-query-loop-item post-27176 opinions type-opinions status-publish format-standard has-post-thumbnail hentry gblocks_pattern_collections-local-patterns\"><div class=\"gb-container gb-container-8ecd85f1\">\n<figure class=\"gb-block-image gb-block-image-5af07dd6\"><img loading=\"lazy\" decoding=\"async\" width=\"800\" height=\"448\" src=\"https:\/\/cointrade.es\/wp-content\/uploads\/2025\/03\/Visualizacion-de-la-aplicacion-del-mercado-de-valores-5.jpg\" class=\"gb-image-5af07dd6\" alt=\"K00396 Visualizaci&oacute;n de la aplicaci&oacute;n del mercado de valores (5)\" srcset=\"https:\/\/cointrade.es\/wp-content\/uploads\/2025\/03\/Visualizacion-de-la-aplicacion-del-mercado-de-valores-5.jpg 800w, https:\/\/cointrade.es\/wp-content\/uploads\/2025\/03\/Visualizacion-de-la-aplicacion-del-mercado-de-valores-5-300x168.jpg 300w, https:\/\/cointrade.es\/wp-content\/uploads\/2025\/03\/Visualizacion-de-la-aplicacion-del-mercado-de-valores-5-768x430.jpg 768w\" sizes=\"auto, (max-width: 800px) 100vw, 800px\" title=\"\"><\/figure>\n\n<h2 class=\"gb-headline gb-headline-7785f7d0 gb-headline-text\"><a href=\"https:\/\/cointrade.es\/pt-br\/opinions\/gpt-lispro-review\/\">K00396: A plataforma de negocia&ccedil;&atilde;o automatizada de alto lucro<\/a><\/h2>\n\n<div class=\"gb-container gb-container-2bd618e7\">\n<p class=\"gb-headline gb-headline-0bdc8439 gb-headline-text\"><time class=\"entry-date published\" datetime=\"2025-05-06T08:21:13+00:00\">maio 6, 2025<\/time><\/p>\n\n<p class=\"gb-headline gb-headline-95c495c2 gb-headline-text\">Anibal Diaz<\/p>\n<\/div>\n\n<div class=\"gb-headline gb-headline-82d89ab6 gb-headline-text\">Imagine que estamos em 2025 e voc&ecirc; j&aacute; descobriu o qu&atilde;o recompensador pode ser negociar com K00396. Com um investimento inicial acess&iacute;vel de US$ 250, esta plataforma abre as portas para um mundo emocionante de negocia&ccedil;&atilde;o automatizada, onde algoritmos sofisticados trabalham incansavelmente para otimizar seus lucros.<\/div>\n<\/div><\/div>\n<\/div>\n\n<div class=\"gb-container gb-container-f2a5051a gb-query-loop-pagination\">\n\n\n<span class=\"gb-button gb-button-ca78404d gb-button-text page-numbers gb-block-is-current\" aria-current=\"page\">1<\/span><a class=\"gb-button gb-button-ca78404d gb-button-text page-numbers\" href=\"?query-1350b371-page=2\">2<\/a><a class=\"gb-button gb-button-ca78404d gb-button-text page-numbers\" href=\"?query-1350b371-page=3\">3<\/a><span class=\"gb-button gb-button-ca78404d gb-button-text page-numbers dots\">&hellip;<\/span><a class=\"gb-button gb-button-ca78404d gb-button-text page-numbers\" href=\"?query-1350b371-page=5\">5<\/a>\n\n<a class=\"gb-button gb-button-3b8f5e45 gb-button-text\" href=\"\/pt-br\/wp-json\/wp\/v2\/pages\/23163?query-1350b371-page=2\">Pr&oacute;ximo<\/a>\n<\/div>\n\n<\/div>\n<\/div>\n","protected":false},"excerpt":{"rendered":"<p>Negociar pode ser dif&iacute;cil. H&aacute; muita coisa para acompanhar. &Eacute; f&aacute;cil cometer erros. A IA e a automa&ccedil;&atilde;o podem ajudar. Elas detectam coisas que voc&ecirc; pode deixar passar. Elas cuidam das tarefas mais rapidamente do que voc&ecirc;. Mas elas n&atilde;o s&atilde;o m&aacute;gicas. Voc&ecirc; ainda precisa saber o que est&aacute; fazendo. Na Cointrade.co.uk, analisamos as ferramentas &#8230; <a title=\"Descubra as melhores ferramentas de intelig\u00eancia artificial e automa\u00e7\u00e3o para opera\u00e7\u00f5es mais inteligentes\" class=\"read-more\" href=\"https:\/\/cointrade.es\/pt-br\/opiniones\/\" aria-label=\"Read more about Descubra as melhores ferramentas de intelig\u00eancia artificial e automa\u00e7\u00e3o para opera\u00e7\u00f5es mais inteligentes\">Leia mais<\/a><\/p>\n","protected":false},"author":1,"featured_media":0,"parent":0,"menu_order":0,"comment_status":"closed","ping_status":"closed","template":"","meta":{"footnotes":""},"class_list":["post-23163","page","type-page","status-publish"],"rank_math_title":"Avalia\u00e7\u00f5es imparciais de ferramentas de negocia\u00e7\u00e3o baseadas em intelig\u00eancia artificial | Cointrade.co.uk","rank_math_description":"Explore an\u00e1lises honestas de projetos comerciais que usam tecnologias de IA e automa\u00e7\u00e3o. Encontre ferramentas que simplificam as opera\u00e7\u00f5es e colocam voc\u00ea no controle. ","rank_math_focus_keyword":"Cointrade","_links":{"self":[{"href":"https:\/\/cointrade.es\/pt-br\/wp-json\/wp\/v2\/pages\/23163","targetHints":{"allow":["GET"]}}],"collection":[{"href":"https:\/\/cointrade.es\/pt-br\/wp-json\/wp\/v2\/pages"}],"about":[{"href":"https:\/\/cointrade.es\/pt-br\/wp-json\/wp\/v2\/types\/page"}],"author":[{"embeddable":true,"href":"https:\/\/cointrade.es\/pt-br\/wp-json\/wp\/v2\/users\/1"}],"replies":[{"embeddable":true,"href":"https:\/\/cointrade.es\/pt-br\/wp-json\/wp\/v2\/comments?post=23163"}],"version-history":[{"count":0,"href":"https:\/\/cointrade.es\/pt-br\/wp-json\/wp\/v2\/pages\/23163\/revisions"}],"wp:attachment":[{"href":"https:\/\/cointrade.es\/pt-br\/wp-json\/wp\/v2\/media?parent=23163"}],"curies":[{"name":"wp","href":"https:\/\/api.w.org\/{rel}","templated":true}]}}