{"id":9859,"date":"2023-12-15T04:07:45","date_gmt":"2023-12-15T04:07:45","guid":{"rendered":"https:\/\/cointrade.es\/polityka-prywatnosci\/"},"modified":"2024-05-29T16:03:27","modified_gmt":"2024-05-29T16:03:27","slug":"polityka-prywatnosci","status":"publish","type":"page","link":"https:\/\/cointrade.es\/pl\/polityka-prywatnosci\/","title":{"rendered":"Polityka prywatno\u015bci"},"content":{"rendered":"<?xml encoding=\"UTF-8\"><h2 class=\"wp-block-heading\">Kim jeste&#347;my<\/h2><p>Adres naszej strony internetowej to: https:\/\/cointrade.es.<\/p><h2 class=\"wp-block-heading\">Komentarze<\/h2><p>Gdy odwiedzaj&#261;cy zostawiaj&#261; komentarze na stronie, zbieramy dane, kt&oacute;re pojawiaj&#261; si&#281; w formularzu komentarza, a tak&#380;e adres IP odwiedzaj&#261;cego i ci&#261;g agenta u&#380;ytkownika przegl&#261;darki, aby pom&oacute;c w wykrywaniu spamu.<\/p><p>Zanonimizowany ci&#261;g znak&oacute;w utworzony z adresu e-mail u&#380;ytkownika (zwany r&oacute;wnie&#380; hashem) mo&#380;e zosta&#263; przekazany do us&#322;ugi Gravatar w celu sprawdzenia, czy u&#380;ytkownik z niej korzysta. Polityka prywatno&#347;ci us&#322;ugi Gravatar jest dost&#281;pna tutaj: https:\/\/automattic.com\/privacy\/. Po zatwierdzeniu komentarza zdj&#281;cie profilowe b&#281;dzie widoczne publicznie w kontek&#347;cie komentarza.<\/p><h2 class=\"wp-block-heading\">Media<\/h2><p>W przypadku przesy&#322;ania zdj&#281;&#263; do witryny nale&#380;y unika&#263; przesy&#322;ania zdj&#281;&#263; z osadzonymi danymi lokalizacji (EXIF GPS). Odwiedzaj&#261;cy witryn&#281; mog&#261; pobra&#263; i wyodr&#281;bni&#263; dowolne dane lokalizacji z obraz&oacute;w na stronie.<\/p><h2 class=\"wp-block-heading\">Pliki cookie<\/h2><p>Je&#347;li zostawisz komentarz na naszej stronie, mo&#380;esz zapisa&#263; swoje imi&#281; i nazwisko, adres e-mail i stron&#281; internetow&#261; w plikach cookie. S&#261; one dla Twojej wygody, wi&#281;c nie musisz ponownie wpisywa&#263; swoich danych, gdy zostawiasz kolejny komentarz. Te ciastka wystarcz&#261; na rok.<\/p><p>Je&#347;li u&#380;ytkownik odwiedzi nasz&#261; stron&#281; logowania, ustawimy tymczasowy plik cookie w celu ustalenia, czy przegl&#261;darka u&#380;ytkownika akceptuje pliki cookie. Ten plik cookie nie zawiera danych osobowych i jest usuwany po zamkni&#281;ciu przegl&#261;darki.<\/p><p>Podczas logowania ustawimy r&oacute;wnie&#380; pewn&#261; liczb&#281; plik&oacute;w cookie w celu przechowywania informacji logowania i opcji wy&#347;wietlania na ekranie. Pliki cookie logowania s&#261; przechowywane przez dwa dni, a pliki cookie opcji wy&#347;wietlania przez rok. Je&#347;li wybierzesz opcj&#281; &bdquo;Zapami&#281;taj mnie&rdquo;, Tw&oacute;j login b&#281;dzie aktywny przez dwa tygodnie. Je&#347;li u&#380;ytkownik wyloguje si&#281; ze swojego konta, pliki cookie logowania zostan&#261; usuni&#281;te.<\/p><p>Je&#347;li edytujesz lub opublikujesz artyku&#322;, w Twojej przegl&#261;darce zostanie zapisany dodatkowy plik cookie. Ten plik cookie nie zawiera danych osobowych i po prostu wskazuje identyfikator artyku&#322;u, kt&oacute;ry w&#322;a&#347;nie edytowa&#322;e&#347;. Wygasa po 1 dniu.<\/p><h2 class=\"wp-block-heading\">Osadzona zawarto&#347;&#263; z innych stron internetowych<\/h2><p>Artyku&#322;y na tej stronie mog&#261; zawiera&#263; osadzone tre&#347;ci (np. filmy, obrazy, artyku&#322;y itp.). Osadzone tre&#347;ci z innych witryn zachowuj&#261; si&#281; dok&#322;adnie tak, jakby u&#380;ytkownik odwiedzi&#322; inn&#261; witryn&#281;.<\/p><p>Witryny te mog&#261; gromadzi&#263; dane o u&#380;ytkowniku, wykorzystywa&#263; pliki cookie, osadza&#263; dodatkowe funkcje &#347;ledzenia od stron trzecich i monitorowa&#263; interakcj&#281; u&#380;ytkownika z osadzon&#261; zawarto&#347;ci&#261;, w tym &#347;ledzi&#263; interakcj&#281; u&#380;ytkownika z osadzon&#261; zawarto&#347;ci&#261;, je&#347;li u&#380;ytkownik ma konto i jest zalogowany w tej witrynie.<\/p><h2 class=\"wp-block-heading\">Komu udost&#281;pniamy dane u&#380;ytkownika<\/h2><p>Je&#347;li poprosisz o zresetowanie has&#322;a, Tw&oacute;j adres IP zostanie uwzgl&#281;dniony w wiadomo&#347;ci e-mail z pro&#347;b&#261; o zresetowanie has&#322;a.<\/p><h2 class=\"wp-block-heading\">Jak d&#322;ugo przechowujemy dane u&#380;ytkownika<\/h2><p>Je&#347;li zostawisz komentarz, komentarz i jego metadane s&#261; przechowywane przez czas nieokre&#347;lony. Dzi&#281;ki temu mo&#380;emy automatycznie rozpoznawa&#263; i zatwierdza&#263; kolejne komentarze, zamiast trzyma&#263; je w kolejce moderacji.<\/p><p>W przypadku u&#380;ytkownik&oacute;w, kt&oacute;rzy zarejestruj&#261; si&#281; na naszej stronie internetowej (je&#347;li istniej&#261;), przechowujemy r&oacute;wnie&#380; dane osobowe, kt&oacute;re podaj&#261; w swoim profilu u&#380;ytkownika. Wszyscy u&#380;ytkownicy mog&#261; przegl&#261;da&#263;, edytowa&#263; lub usuwa&#263; swoje dane osobowe w dowolnym momencie (z wyj&#261;tkiem tego, &#380;e nie mog&#261; zmieni&#263; swojej nazwy u&#380;ytkownika). Administratorzy witryny mog&#261; r&oacute;wnie&#380; przegl&#261;da&#263; i edytowa&#263; te informacje.<\/p><h2 class=\"wp-block-heading\">Jakie prawa przys&#322;uguj&#261; u&#380;ytkownikowi w odniesieniu do jego danych<\/h2><p>Je&#347;li masz konto na tej stronie lub zostawi&#322;e&#347; komentarze, mo&#380;esz poprosi&#263; o otrzymanie wyeksportowanego pliku danych osobowych, kt&oacute;re przechowujemy na Tw&oacute;j temat, w tym wszelkich danych osobowych, kt&oacute;re nam przekaza&#322;e&#347;. U&#380;ytkownik mo&#380;e r&oacute;wnie&#380; za&#380;&#261;da&#263; usuni&#281;cia wszelkich przechowywanych przez nas jego danych osobowych. Nie obejmuje to &#380;adnych danych, kt&oacute;re jeste&#347;my zobowi&#261;zani zachowa&#263; do cel&oacute;w administracyjnych, prawnych lub bezpiecze&#324;stwa.<\/p><h2 class=\"wp-block-heading\">Gdzie przesy&#322;ane s&#261; dane u&#380;ytkownika<\/h2><p>Komentarze odwiedzaj&#261;cych mog&#261; by&#263; monitorowane przez automatyczn&#261; us&#322;ug&#281; wykrywania spamu.<\/p>\n","protected":false},"excerpt":{"rendered":"<p>Kim jeste&#347;my Adres naszej strony internetowej to: https:\/\/cointrade.es. Komentarze Gdy odwiedzaj&#261;cy zostawiaj&#261; komentarze na stronie, zbieramy dane, kt&oacute;re pojawiaj&#261; si&#281; w formularzu komentarza, a tak&#380;e adres IP odwiedzaj&#261;cego i ci&#261;g agenta u&#380;ytkownika przegl&#261;darki, aby pom&oacute;c w wykrywaniu spamu. Zanonimizowany ci&#261;g znak&oacute;w utworzony z adresu e-mail u&#380;ytkownika (zwany r&oacute;wnie&#380; hashem) mo&#380;e zosta&#263; przekazany do us&#322;ugi Gravatar &#8230; <a title=\"Polityka prywatno\u015bci\" class=\"read-more\" href=\"https:\/\/cointrade.es\/pl\/polityka-prywatnosci\/\" aria-label=\"Dowiedz si\u0119 wi\u0119cej o Polityka prywatno\u015bci\">Czytaj dalej<\/a><\/p>\n","protected":false},"author":1,"featured_media":0,"parent":0,"menu_order":0,"comment_status":"closed","ping_status":"closed","template":"","meta":{"footnotes":""},"class_list":["post-9859","page","type-page","status-publish"],"rank_math_title":"","rank_math_description":"","rank_math_focus_keyword":"","_links":{"self":[{"href":"https:\/\/cointrade.es\/pl\/wp-json\/wp\/v2\/pages\/9859","targetHints":{"allow":["GET"]}}],"collection":[{"href":"https:\/\/cointrade.es\/pl\/wp-json\/wp\/v2\/pages"}],"about":[{"href":"https:\/\/cointrade.es\/pl\/wp-json\/wp\/v2\/types\/page"}],"author":[{"embeddable":true,"href":"https:\/\/cointrade.es\/pl\/wp-json\/wp\/v2\/users\/1"}],"replies":[{"embeddable":true,"href":"https:\/\/cointrade.es\/pl\/wp-json\/wp\/v2\/comments?post=9859"}],"version-history":[{"count":0,"href":"https:\/\/cointrade.es\/pl\/wp-json\/wp\/v2\/pages\/9859\/revisions"}],"wp:attachment":[{"href":"https:\/\/cointrade.es\/pl\/wp-json\/wp\/v2\/media?parent=9859"}],"curies":[{"name":"wp","href":"https:\/\/api.w.org\/{rel}","templated":true}]}}