{"id":23166,"date":"2024-12-30T10:13:01","date_gmt":"2024-12-30T10:13:01","guid":{"rendered":"https:\/\/cointrade.es\/odkryj-najlepsze-narzedzia-sztucznej-inteligencji-i-automatyzacji-dla-inteligentniejszych-operacji\/"},"modified":"2025-01-02T14:24:34","modified_gmt":"2025-01-02T14:24:34","slug":"opiniones","status":"publish","type":"page","link":"https:\/\/cointrade.es\/pl\/opiniones\/","title":{"rendered":"Odkryj najlepsze narz\u0119dzia sztucznej inteligencji i automatyzacji dla inteligentniejszych operacji"},"content":{"rendered":"<?xml encoding=\"UTF-8\"><div class=\"gb-container gb-container-736c85e5\">\n<div class=\"gb-container gb-container-a4aec32a\">\n\n<p>Handel mo&#380;e by&#263; trudny. Jest wiele rzeczy, kt&oacute;re trzeba &#347;ledzi&#263;. &#321;atwo jest pope&#322;nia&#263; b&#322;&#281;dy. Sztuczna inteligencja i automatyzacja mog&#261; pom&oacute;c. Dostrzegaj&#261; rzeczy, kt&oacute;re mo&#380;na przegapi&#263;. Zajmuj&#261; si&#281; zadaniami szybciej ni&#380; ty. Ale to nie magia. Nadal musisz wiedzie&#263;, co robisz.       <\/p>\n\n\n\n<p>Na Cointrade.pl przygl&#261;damy si&#281; narz&#281;dziom handlowym, kt&oacute;re wykorzystuj&#261; sztuczn&#261; inteligencj&#281; i automatyzacj&#281; &ndash; czy s&#261; &#322;atwe w u&#380;yciu, czy naprawd&#281; pomagaj&#261; i co my&#347;l&#261; inni traderzy? Sprawdzamy je, aby&#347; m&oacute;g&#322; zdecydowa&#263;, co jest dla Ciebie najlepsze.    <\/p>\n\n\n\n<p>Narz&#281;dzia te mog&#261; u&#322;atwi&#263; handel. Ale nie wykonaj&#261; pracy za Ciebie. Je&#347;li chcesz odnie&#347;&#263; sukces, musisz pozosta&#263; skupiony. Sztuczna inteligencja pomaga, ale to Ty jeste&#347; odpowiedzialny.   <\/p>\n\n\n\n<p>Tutaj wszystko jest proste. &#379;adnego szumu. &#379;adnych wielkich obietnic. Tylko uczciwe recenzje, kt&oacute;re pomog&#261; ci lepiej dzia&#322;a&#263;.   <\/p>\n\n\n\n<div class=\"gb-grid-wrapper gb-grid-wrapper-f5fb5079 gb-query-loop-wrapper\">\n<div class=\"gb-grid-column gb-grid-column-5697a7f0 gb-query-loop-item post-28556 opinions type-opinions status-publish format-standard has-post-thumbnail hentry gblocks_pattern_collections-local-patterns\"><div class=\"gb-container gb-container-5697a7f0\">\n<figure class=\"gb-block-image gb-block-image-f73a6f18\"><img loading=\"lazy\" decoding=\"async\" width=\"1200\" height=\"673\" src=\"https:\/\/cointrade.es\/wp-content\/uploads\/2025\/04\/Aplicacion-de-comercio-telefonico-plegable-2.jpg\" class=\"gb-image-f73a6f18\" alt=\"Aplicaci&oacute;n de comercio telef&oacute;nico plegable (2)\" srcset=\"https:\/\/cointrade.es\/wp-content\/uploads\/2025\/04\/Aplicacion-de-comercio-telefonico-plegable-2.jpg 1200w, https:\/\/cointrade.es\/wp-content\/uploads\/2025\/04\/Aplicacion-de-comercio-telefonico-plegable-2-300x168.jpg 300w, https:\/\/cointrade.es\/wp-content\/uploads\/2025\/04\/Aplicacion-de-comercio-telefonico-plegable-2-1024x574.jpg 1024w, https:\/\/cointrade.es\/wp-content\/uploads\/2025\/04\/Aplicacion-de-comercio-telefonico-plegable-2-768x431.jpg 768w\" sizes=\"auto, (max-width: 1200px) 100vw, 1200px\" title=\"\"><\/figure>\n\n<h2 class=\"gb-headline gb-headline-45557597 gb-headline-text\"><a href=\"https:\/\/cointrade.es\/pl\/opinions\/ethereum-cormax-app\/\">K00411: Analiza ekspercka platform handlowych AI na rok 2025<\/a><\/h2>\n\n<div class=\"gb-container gb-container-169c20f5\">\n<p class=\"gb-headline gb-headline-1c86de72 gb-headline-text\"><time class=\"entry-date published\" datetime=\"2025-05-28T07:58:24+00:00\">28 maja, 2025<\/time><\/p>\n\n<p class=\"gb-headline gb-headline-d6e2e197 gb-headline-text\">Hannibal Rodriguez<\/p>\n<\/div>\n\n<div class=\"gb-headline gb-headline-563adf47 gb-headline-text\">Jako certyfikowany analityk finansowy Chartered Financial Analyst (CFA) z ponad dziesi&#281;cioletnim do&#347;wiadczeniem w opracowywaniu strategii inwestycyjnych, z przyjemno&#347;ci&#261; przedstawiam szczeg&oacute;&#322;ow&#261; analiz&#281; K00411, platformy, kt&oacute;ra zyskuje coraz wi&#281;ksz&#261; popularno&#347;&#263; w cyfrowym krajobrazie finansowym 2025 roku.<\/div>\n<\/div><\/div>\n<\/div>\n\n\n\n<div class=\"gb-grid-wrapper gb-grid-wrapper-2d3e2b96 gb-query-loop-wrapper\">\n<div class=\"gb-grid-column gb-grid-column-8ecd85f1 gb-query-loop-item post-28560 opinions type-opinions status-publish format-standard has-post-thumbnail hentry gblocks_pattern_collections-local-patterns\"><div class=\"gb-container gb-container-8ecd85f1\">\n<figure class=\"gb-block-image gb-block-image-5af07dd6\"><img loading=\"lazy\" decoding=\"async\" width=\"1200\" height=\"673\" src=\"https:\/\/cointrade.es\/wp-content\/uploads\/2025\/04\/Aplicacion-de-comercio-telefonico-plegable-3.jpg\" class=\"gb-image-5af07dd6\" alt=\"Aplicaci&oacute;n de comercio telef&oacute;nico plegable (3)\" srcset=\"https:\/\/cointrade.es\/wp-content\/uploads\/2025\/04\/Aplicacion-de-comercio-telefonico-plegable-3.jpg 1200w, https:\/\/cointrade.es\/wp-content\/uploads\/2025\/04\/Aplicacion-de-comercio-telefonico-plegable-3-300x168.jpg 300w, https:\/\/cointrade.es\/wp-content\/uploads\/2025\/04\/Aplicacion-de-comercio-telefonico-plegable-3-1024x574.jpg 1024w, https:\/\/cointrade.es\/wp-content\/uploads\/2025\/04\/Aplicacion-de-comercio-telefonico-plegable-3-768x431.jpg 768w\" sizes=\"auto, (max-width: 1200px) 100vw, 1200px\" title=\"\"><\/figure>\n\n<h2 class=\"gb-headline gb-headline-7785f7d0 gb-headline-text\"><a href=\"https:\/\/cointrade.es\/pl\/opinions\/ethereum-cormax-review\/\">Pe&#322;na analiza K00410 w 2025 r.: szansa czy ryzyko dla inwestor&oacute;w w kryptowaluty?<\/a><\/h2>\n\n<div class=\"gb-container gb-container-2bd618e7\">\n<p class=\"gb-headline gb-headline-0bdc8439 gb-headline-text\"><time class=\"entry-date published\" datetime=\"2025-05-28T07:56:18+00:00\">28 maja, 2025<\/time><\/p>\n\n<p class=\"gb-headline gb-headline-95c495c2 gb-headline-text\">John Milla Cano<\/p>\n<\/div>\n\n<div class=\"gb-headline gb-headline-82d89ab6 gb-headline-text\">Jako certyfikowany analityk finansowy CFA z ponad 10-letnim do&#347;wiadczeniem na rynkach cyfrowych przedstawiam kompleksow&#261; i zaktualizowan&#261; analiz&#281; platformy K00410 w kontek&#347;cie roku 2025.<\/div>\n<\/div><\/div>\n\n<div class=\"gb-grid-column gb-grid-column-8ecd85f1 gb-query-loop-item post-28564 opinions type-opinions status-publish format-standard has-post-thumbnail hentry gblocks_pattern_collections-local-patterns\"><div class=\"gb-container gb-container-8ecd85f1\">\n<figure class=\"gb-block-image gb-block-image-5af07dd6\"><img loading=\"lazy\" decoding=\"async\" width=\"1200\" height=\"673\" src=\"https:\/\/cointrade.es\/wp-content\/uploads\/2025\/03\/Hombre-de-negocios-escribiendo-en-una-computadora-portatil-1.jpg\" class=\"gb-image-5af07dd6\" alt=\"K00409 Hombre de negocios escribiendo en una computadora port&aacute;til (1)\" srcset=\"https:\/\/cointrade.es\/wp-content\/uploads\/2025\/03\/Hombre-de-negocios-escribiendo-en-una-computadora-portatil-1.jpg 1200w, https:\/\/cointrade.es\/wp-content\/uploads\/2025\/03\/Hombre-de-negocios-escribiendo-en-una-computadora-portatil-1-300x168.jpg 300w, https:\/\/cointrade.es\/wp-content\/uploads\/2025\/03\/Hombre-de-negocios-escribiendo-en-una-computadora-portatil-1-1024x574.jpg 1024w, https:\/\/cointrade.es\/wp-content\/uploads\/2025\/03\/Hombre-de-negocios-escribiendo-en-una-computadora-portatil-1-768x431.jpg 768w\" sizes=\"auto, (max-width: 1200px) 100vw, 1200px\" title=\"\"><\/figure>\n\n<h2 class=\"gb-headline gb-headline-7785f7d0 gb-headline-text\"><a href=\"https:\/\/cointrade.es\/pl\/opinions\/ethereum-cormax\/\">K00409: Zautomatyzowana platforma handlowa z dok&#322;adno&#347;ci&#261; 85% i najnowocze&#347;niejsz&#261; technologi&#261;<\/a><\/h2>\n\n<div class=\"gb-container gb-container-2bd618e7\">\n<p class=\"gb-headline gb-headline-0bdc8439 gb-headline-text\"><time class=\"entry-date published\" datetime=\"2025-05-28T07:54:31+00:00\">28 maja, 2025<\/time><\/p>\n\n<p class=\"gb-headline gb-headline-95c495c2 gb-headline-text\">Hannibal Rodriguez<\/p>\n<\/div>\n\n<div class=\"gb-headline gb-headline-82d89ab6 gb-headline-text\">Po szczeg&oacute;&#322;owej analizie K00409 musz&#281; przyzna&#263;, &#380;e produkt ten zadziwiaj&#261;co dobrze spe&#322;nia swoje obietnice. Platforma ta wyr&oacute;&#380;nia si&#281; 85-procentow&#261; dok&#322;adno&#347;ci&#261; i wska&#378;nikami wydajno&#347;ci mieszcz&#261;cymi si&#281; w przedziale 30-40%, co nie pozostaje niezauwa&#380;one.<\/div>\n<\/div><\/div>\n\n<div class=\"gb-grid-column gb-grid-column-8ecd85f1 gb-query-loop-item post-28538 opinions type-opinions status-publish format-standard has-post-thumbnail hentry gblocks_pattern_collections-local-patterns\"><div class=\"gb-container gb-container-8ecd85f1\">\n<figure class=\"gb-block-image gb-block-image-5af07dd6\"><img loading=\"lazy\" decoding=\"async\" width=\"1200\" height=\"673\" src=\"https:\/\/cointrade.es\/wp-content\/uploads\/2025\/03\/Datos-del-mercado-en-vivo-en-el-telefono-2.jpg\" class=\"gb-image-5af07dd6\" alt=\"K00405 Datos del mercado en vivo en el tel&eacute;fono (2)\" srcset=\"https:\/\/cointrade.es\/wp-content\/uploads\/2025\/03\/Datos-del-mercado-en-vivo-en-el-telefono-2.jpg 1200w, https:\/\/cointrade.es\/wp-content\/uploads\/2025\/03\/Datos-del-mercado-en-vivo-en-el-telefono-2-300x168.jpg 300w, https:\/\/cointrade.es\/wp-content\/uploads\/2025\/03\/Datos-del-mercado-en-vivo-en-el-telefono-2-1024x574.jpg 1024w, https:\/\/cointrade.es\/wp-content\/uploads\/2025\/03\/Datos-del-mercado-en-vivo-en-el-telefono-2-768x431.jpg 768w\" sizes=\"auto, (max-width: 1200px) 100vw, 1200px\" title=\"\"><\/figure>\n\n<h2 class=\"gb-headline gb-headline-7785f7d0 gb-headline-text\"><a href=\"https:\/\/cointrade.es\/pl\/opinions\/chain-adipex-xp\/\">K00405: Zautomatyzowana platforma handlowa oparta na sztucznej inteligencji rewolucjonizuje handel kryptowalutami<\/a><\/h2>\n\n<div class=\"gb-container gb-container-2bd618e7\">\n<p class=\"gb-headline gb-headline-0bdc8439 gb-headline-text\"><time class=\"entry-date published\" datetime=\"2025-05-27T11:41:38+00:00\">27 maja, 2025<\/time><\/p>\n\n<p class=\"gb-headline gb-headline-95c495c2 gb-headline-text\">John Milla Cano<\/p>\n<\/div>\n\n<div class=\"gb-headline gb-headline-82d89ab6 gb-headline-text\">Po wypr&oacute;bowaniu r&oacute;&#380;nych platform kryptowalutowych K00405 od razu przyku&#322;a moj&#261; uwag&#281;. Dzi&#281;ki innowacyjnemu podej&#347;ciu bazuj&#261;cemu na sztucznej inteligencji i zaawansowanych algorytmach, platforma ta oferuje wci&#261;gaj&#261;ce i efektywne do&#347;wiadczenie handlowe.<\/div>\n<\/div><\/div>\n\n<div class=\"gb-grid-column gb-grid-column-8ecd85f1 gb-query-loop-item post-28515 opinions type-opinions status-publish format-standard has-post-thumbnail hentry gblocks_pattern_collections-local-patterns\"><div class=\"gb-container gb-container-8ecd85f1\">\n<figure class=\"gb-block-image gb-block-image-5af07dd6\"><img loading=\"lazy\" decoding=\"async\" width=\"1200\" height=\"673\" src=\"https:\/\/cointrade.es\/wp-content\/uploads\/2025\/03\/Datos-del-mercado-en-vivo-en-el-telefono-4.jpg\" class=\"gb-image-5af07dd6\" alt=\"K00403 Datos del mercado en vivo en el tel&eacute;fono (4)\" srcset=\"https:\/\/cointrade.es\/wp-content\/uploads\/2025\/03\/Datos-del-mercado-en-vivo-en-el-telefono-4.jpg 1200w, https:\/\/cointrade.es\/wp-content\/uploads\/2025\/03\/Datos-del-mercado-en-vivo-en-el-telefono-4-300x168.jpg 300w, https:\/\/cointrade.es\/wp-content\/uploads\/2025\/03\/Datos-del-mercado-en-vivo-en-el-telefono-4-1024x574.jpg 1024w, https:\/\/cointrade.es\/wp-content\/uploads\/2025\/03\/Datos-del-mercado-en-vivo-en-el-telefono-4-768x431.jpg 768w\" sizes=\"auto, (max-width: 1200px) 100vw, 1200px\" title=\"\"><\/figure>\n\n<h2 class=\"gb-headline gb-headline-7785f7d0 gb-headline-text\"><a href=\"https:\/\/cointrade.es\/pl\/opinions\/instant-akpro-app\/\">K00403: Zautomatyzowana platforma handlowa z obs&#322;ug&#261; AI i wysok&#261; rentowno&#347;ci&#261;<\/a><\/h2>\n\n<div class=\"gb-container gb-container-2bd618e7\">\n<p class=\"gb-headline gb-headline-0bdc8439 gb-headline-text\"><time class=\"entry-date published\" datetime=\"2025-05-20T09:51:47+00:00\">20 maja, 2025<\/time><\/p>\n\n<p class=\"gb-headline gb-headline-95c495c2 gb-headline-text\">Hannibal Rodriguez<\/p>\n<\/div>\n\n<div class=\"gb-headline gb-headline-82d89ab6 gb-headline-text\">Po dog&#322;&#281;bnym zapoznaniu si&#281; z platform&#261; transakcyjn&#261; K00403 odkry&#322;em kilka aspekt&oacute;w, kt&oacute;re wyr&oacute;&#380;niaj&#261; j&#261; na tle konkurencyjnego &#347;wiata handlu online.<\/div>\n<\/div><\/div>\n\n<div class=\"gb-grid-column gb-grid-column-8ecd85f1 gb-query-loop-item post-28519 opinions type-opinions status-publish format-standard has-post-thumbnail hentry gblocks_pattern_collections-local-patterns\"><div class=\"gb-container gb-container-8ecd85f1\">\n<figure class=\"gb-block-image gb-block-image-5af07dd6\"><img loading=\"lazy\" decoding=\"async\" width=\"1200\" height=\"673\" src=\"https:\/\/cointrade.es\/wp-content\/uploads\/2025\/03\/Datos-del-mercado-en-vivo-en-el-telefono-5.jpg\" class=\"gb-image-5af07dd6\" alt=\"K00402 Datos del mercado en vivo en el tel&eacute;fono (5)\" srcset=\"https:\/\/cointrade.es\/wp-content\/uploads\/2025\/03\/Datos-del-mercado-en-vivo-en-el-telefono-5.jpg 1200w, https:\/\/cointrade.es\/wp-content\/uploads\/2025\/03\/Datos-del-mercado-en-vivo-en-el-telefono-5-300x168.jpg 300w, https:\/\/cointrade.es\/wp-content\/uploads\/2025\/03\/Datos-del-mercado-en-vivo-en-el-telefono-5-1024x574.jpg 1024w, https:\/\/cointrade.es\/wp-content\/uploads\/2025\/03\/Datos-del-mercado-en-vivo-en-el-telefono-5-768x431.jpg 768w\" sizes=\"auto, (max-width: 1200px) 100vw, 1200px\" title=\"\"><\/figure>\n\n<h2 class=\"gb-headline gb-headline-7785f7d0 gb-headline-text\"><a href=\"https:\/\/cointrade.es\/pl\/opinions\/instant-akpro-2\/\">K00402: Platforma do handlu kryptowalutami o wysokiej rentowno&#347;ci i zaawansowanym bezpiecze&#324;stwie<\/a><\/h2>\n\n<div class=\"gb-container gb-container-2bd618e7\">\n<p class=\"gb-headline gb-headline-0bdc8439 gb-headline-text\"><time class=\"entry-date published\" datetime=\"2025-05-20T09:49:49+00:00\">20 maja, 2025<\/time><\/p>\n\n<p class=\"gb-headline gb-headline-95c495c2 gb-headline-text\">Billy Zambrano<\/p>\n<\/div>\n\n<div class=\"gb-headline gb-headline-82d89ab6 gb-headline-text\">Testuj&#261;c K00402 w 2025 roku, odkry&#322;em platform&#281;, kt&oacute;ra naprawd&#281; robi r&oacute;&#380;nic&#281; w &#347;wiecie kryptowalut. Po&#322;&#261;czenie zaawansowanej technologii i mo&#380;liwo&#347;ci finansowych tworzy ekscytuj&#261;ce &#347;rodowisko dla trader&oacute;w.<\/div>\n<\/div><\/div>\n\n<div class=\"gb-grid-column gb-grid-column-8ecd85f1 gb-query-loop-item post-28523 opinions type-opinions status-publish format-standard has-post-thumbnail hentry gblocks_pattern_collections-local-patterns\"><div class=\"gb-container gb-container-8ecd85f1\">\n<figure class=\"gb-block-image gb-block-image-5af07dd6\"><img loading=\"lazy\" decoding=\"async\" width=\"1200\" height=\"673\" src=\"https:\/\/cointrade.es\/wp-content\/uploads\/2025\/03\/Datos-del-mercado-en-vivo-en-el-telefono-6.jpg\" class=\"gb-image-5af07dd6\" alt=\"Datos del mercado en vivo en el tel&eacute;fono (6)\" srcset=\"https:\/\/cointrade.es\/wp-content\/uploads\/2025\/03\/Datos-del-mercado-en-vivo-en-el-telefono-6.jpg 1200w, https:\/\/cointrade.es\/wp-content\/uploads\/2025\/03\/Datos-del-mercado-en-vivo-en-el-telefono-6-300x168.jpg 300w, https:\/\/cointrade.es\/wp-content\/uploads\/2025\/03\/Datos-del-mercado-en-vivo-en-el-telefono-6-1024x574.jpg 1024w, https:\/\/cointrade.es\/wp-content\/uploads\/2025\/03\/Datos-del-mercado-en-vivo-en-el-telefono-6-768x431.jpg 768w\" sizes=\"auto, (max-width: 1200px) 100vw, 1200px\" title=\"\"><\/figure>\n\n<h2 class=\"gb-headline gb-headline-7785f7d0 gb-headline-text\"><a href=\"https:\/\/cointrade.es\/pl\/opinions\/instant-akpro\/\">K00401: Platforma do handlu kryptowalutami, kt&oacute;ra zrewolucjonizuje Twoje do&#347;wiadczenia<\/a><\/h2>\n\n<div class=\"gb-container gb-container-2bd618e7\">\n<p class=\"gb-headline gb-headline-0bdc8439 gb-headline-text\"><time class=\"entry-date published\" datetime=\"2025-05-20T09:36:24+00:00\">20 maja, 2025<\/time><\/p>\n\n<p class=\"gb-headline gb-headline-95c495c2 gb-headline-text\">Anibal Diaz<\/p>\n<\/div>\n\n<div class=\"gb-headline gb-headline-82d89ab6 gb-headline-text\">K00401 zmieni&#322; moje do&#347;wiadczenie w handlu kryptowalutami. Wyobra&#378; sobie handel z wykorzystaniem sztucznej inteligencji, kt&oacute;ra dzia&#322;a jak zaufany partner finansowy, stawiaj&#261;c na przejrzysto&#347;&#263; i bezpiecze&#324;stwo bez ukrytych sztuczek.<\/div>\n<\/div><\/div>\n\n<div class=\"gb-grid-column gb-grid-column-8ecd85f1 gb-query-loop-item post-28527 opinions type-opinions status-publish format-standard has-post-thumbnail hentry gblocks_pattern_collections-local-patterns\"><div class=\"gb-container gb-container-8ecd85f1\">\n<figure class=\"gb-block-image gb-block-image-5af07dd6\"><img loading=\"lazy\" decoding=\"async\" width=\"800\" height=\"448\" src=\"https:\/\/cointrade.es\/wp-content\/uploads\/2025\/03\/Visualizacion-de-la-aplicacion-del-mercado-de-valores-1.jpg\" class=\"gb-image-5af07dd6\" alt=\"K00400 Visualizaci&oacute;n de la aplicaci&oacute;n del mercado de valores (1)\" srcset=\"https:\/\/cointrade.es\/wp-content\/uploads\/2025\/03\/Visualizacion-de-la-aplicacion-del-mercado-de-valores-1.jpg 800w, https:\/\/cointrade.es\/wp-content\/uploads\/2025\/03\/Visualizacion-de-la-aplicacion-del-mercado-de-valores-1-300x168.jpg 300w, https:\/\/cointrade.es\/wp-content\/uploads\/2025\/03\/Visualizacion-de-la-aplicacion-del-mercado-de-valores-1-768x430.jpg 768w\" sizes=\"auto, (max-width: 800px) 100vw, 800px\" title=\"\"><\/figure>\n\n<h2 class=\"gb-headline gb-headline-7785f7d0 gb-headline-text\"><a href=\"https:\/\/cointrade.es\/pl\/opinions\/energy-proair-app\/\">K00400: Platforma do handlu kryptowalutami o wysokiej precyzji i zasilana sztuczn&#261; inteligencj&#261;<\/a><\/h2>\n\n<div class=\"gb-container gb-container-2bd618e7\">\n<p class=\"gb-headline gb-headline-0bdc8439 gb-headline-text\"><time class=\"entry-date published\" datetime=\"2025-05-20T09:30:02+00:00\">20 maja, 2025<\/time><\/p>\n\n<p class=\"gb-headline gb-headline-95c495c2 gb-headline-text\">Hannibal Rodriguez<\/p>\n<\/div>\n\n<div class=\"gb-headline gb-headline-82d89ab6 gb-headline-text\">K00400 to zaawansowana platforma do handlu kryptowalutami, kt&oacute;ra otwiera drzwi do dynamicznego &#347;wiata inwestycji w aktywa cyfrowe.<\/div>\n<\/div><\/div>\n\n<div class=\"gb-grid-column gb-grid-column-8ecd85f1 gb-query-loop-item post-28531 opinions type-opinions status-publish format-standard has-post-thumbnail hentry gblocks_pattern_collections-local-patterns\"><div class=\"gb-container gb-container-8ecd85f1\">\n<figure class=\"gb-block-image gb-block-image-5af07dd6\"><img loading=\"lazy\" decoding=\"async\" width=\"800\" height=\"448\" src=\"https:\/\/cointrade.es\/wp-content\/uploads\/2025\/03\/Visualizacion-de-la-aplicacion-del-mercado-de-valores-2.jpg\" class=\"gb-image-5af07dd6\" alt=\"Configuraci&oacute;n acogedora para trading nocturno (2) Visualizaci&oacute;n de la aplicaci&oacute;n del mercado de valores (2)\" srcset=\"https:\/\/cointrade.es\/wp-content\/uploads\/2025\/03\/Visualizacion-de-la-aplicacion-del-mercado-de-valores-2.jpg 800w, https:\/\/cointrade.es\/wp-content\/uploads\/2025\/03\/Visualizacion-de-la-aplicacion-del-mercado-de-valores-2-300x168.jpg 300w, https:\/\/cointrade.es\/wp-content\/uploads\/2025\/03\/Visualizacion-de-la-aplicacion-del-mercado-de-valores-2-768x430.jpg 768w\" sizes=\"auto, (max-width: 800px) 100vw, 800px\" title=\"\"><\/figure>\n\n<h2 class=\"gb-headline gb-headline-7785f7d0 gb-headline-text\"><a href=\"https:\/\/cointrade.es\/pl\/opinions\/energy-proair-review\/\">K00399: Platforma do automatycznego handlu oparta na sztucznej inteligencji i dok&#322;adno&#347;ci 90%<\/a><\/h2>\n\n<div class=\"gb-container gb-container-2bd618e7\">\n<p class=\"gb-headline gb-headline-0bdc8439 gb-headline-text\"><time class=\"entry-date published\" datetime=\"2025-05-20T09:28:32+00:00\">20 maja, 2025<\/time><\/p>\n\n<p class=\"gb-headline gb-headline-95c495c2 gb-headline-text\">Hannibal Rodriguez<\/p>\n<\/div>\n\n<div class=\"gb-headline gb-headline-82d89ab6 gb-headline-text\">Je&#347;li szukasz platformy, kt&oacute;ra pomo&#380;e Ci rozpocz&#261;&#263; handel kryptowalutami, K00399 mo&#380;e by&#263; interesuj&#261;c&#261; opcj&#261;.<\/div>\n<\/div><\/div>\n\n<div class=\"gb-grid-column gb-grid-column-8ecd85f1 gb-query-loop-item post-28535 opinions type-opinions status-publish format-standard has-post-thumbnail hentry gblocks_pattern_collections-local-patterns\"><div class=\"gb-container gb-container-8ecd85f1\">\n<figure class=\"gb-block-image gb-block-image-5af07dd6\"><img loading=\"lazy\" decoding=\"async\" width=\"800\" height=\"448\" src=\"https:\/\/cointrade.es\/wp-content\/uploads\/2025\/03\/Visualizacion-de-la-aplicacion-del-mercado-de-valores-3.jpg\" class=\"gb-image-5af07dd6\" alt=\"K00398 Visualizaci&oacute;n de la aplicaci&oacute;n del mercado de valores (3)\" srcset=\"https:\/\/cointrade.es\/wp-content\/uploads\/2025\/03\/Visualizacion-de-la-aplicacion-del-mercado-de-valores-3.jpg 800w, https:\/\/cointrade.es\/wp-content\/uploads\/2025\/03\/Visualizacion-de-la-aplicacion-del-mercado-de-valores-3-300x168.jpg 300w, https:\/\/cointrade.es\/wp-content\/uploads\/2025\/03\/Visualizacion-de-la-aplicacion-del-mercado-de-valores-3-768x430.jpg 768w\" sizes=\"auto, (max-width: 800px) 100vw, 800px\" title=\"\"><\/figure>\n\n<h2 class=\"gb-headline gb-headline-7785f7d0 gb-headline-text\"><a href=\"https:\/\/cointrade.es\/pl\/opinions\/energy-proair\/\">K00398: Platforma do automatycznego handlu oparta na sztucznej inteligencji &ndash; pe&#322;na recenzja<\/a><\/h2>\n\n<div class=\"gb-container gb-container-2bd618e7\">\n<p class=\"gb-headline gb-headline-0bdc8439 gb-headline-text\"><time class=\"entry-date published\" datetime=\"2025-05-20T09:25:14+00:00\">20 maja, 2025<\/time><\/p>\n\n<p class=\"gb-headline gb-headline-95c495c2 gb-headline-text\">John Milla Cano<\/p>\n<\/div>\n\n<div class=\"gb-headline gb-headline-82d89ab6 gb-headline-text\">Niedawno mia&#322;em okazj&#281; przetestowa&#263; K00398, platform&#281; do automatycznego handlu, kt&oacute;ra zrobi&#322;a na mnie bardzo pozytywne wra&#380;enie.<\/div>\n<\/div><\/div>\n\n<div class=\"gb-grid-column gb-grid-column-8ecd85f1 gb-query-loop-item post-27171 opinions type-opinions status-publish format-standard has-post-thumbnail hentry gblocks_pattern_collections-local-patterns\"><div class=\"gb-container gb-container-8ecd85f1\">\n<figure class=\"gb-block-image gb-block-image-5af07dd6\"><img loading=\"lazy\" decoding=\"async\" width=\"800\" height=\"448\" src=\"https:\/\/cointrade.es\/wp-content\/uploads\/2025\/03\/Visualizacion-de-la-aplicacion-del-mercado-de-valores-4.jpg\" class=\"gb-image-5af07dd6\" alt=\"K00397 Visualizaci&oacute;n de la aplicaci&oacute;n del mercado de valores (4)\" srcset=\"https:\/\/cointrade.es\/wp-content\/uploads\/2025\/03\/Visualizacion-de-la-aplicacion-del-mercado-de-valores-4.jpg 800w, https:\/\/cointrade.es\/wp-content\/uploads\/2025\/03\/Visualizacion-de-la-aplicacion-del-mercado-de-valores-4-300x168.jpg 300w, https:\/\/cointrade.es\/wp-content\/uploads\/2025\/03\/Visualizacion-de-la-aplicacion-del-mercado-de-valores-4-768x430.jpg 768w\" sizes=\"auto, (max-width: 800px) 100vw, 800px\" title=\"\"><\/figure>\n\n<h2 class=\"gb-headline gb-headline-7785f7d0 gb-headline-text\"><a href=\"https:\/\/cointrade.es\/pl\/opinions\/gpt-lispro-app\/\">K00397: Zautomatyzowana platforma handlowa rewolucjonizuj&#261;ca handel kryptowalutami<\/a><\/h2>\n\n<div class=\"gb-container gb-container-2bd618e7\">\n<p class=\"gb-headline gb-headline-0bdc8439 gb-headline-text\"><time class=\"entry-date published\" datetime=\"2025-05-06T08:22:19+00:00\">6 maja, 2025<\/time><\/p>\n\n<p class=\"gb-headline gb-headline-95c495c2 gb-headline-text\">Billy Zambrano<\/p>\n<\/div>\n\n<div class=\"gb-headline gb-headline-82d89ab6 gb-headline-text\">K00397, znany wielu jako &bdquo;guru zautomatyzowanego handlu kryptowalutami&rdquo;, przyku&#322; uwag&#281; inwestor&oacute;w pragn&#261;cych zoptymalizowa&#263; swoje strategie.<\/div>\n<\/div><\/div>\n<\/div>\n\n<div class=\"gb-container gb-container-f2a5051a gb-query-loop-pagination\">\n\n\n<span class=\"gb-button gb-button-ca78404d gb-button-text page-numbers gb-block-is-current\" aria-current=\"page\">1<\/span><a class=\"gb-button gb-button-ca78404d gb-button-text page-numbers\" href=\"?query-1350b371-page=2\">2<\/a><a class=\"gb-button gb-button-ca78404d gb-button-text page-numbers\" href=\"?query-1350b371-page=3\">3<\/a><span class=\"gb-button gb-button-ca78404d gb-button-text page-numbers dots\">&hellip;<\/span><a class=\"gb-button gb-button-ca78404d gb-button-text page-numbers\" href=\"?query-1350b371-page=5\">5<\/a>\n\n<a class=\"gb-button gb-button-3b8f5e45 gb-button-text\" href=\"\/pl\/wp-json\/wp\/v2\/pages\/23166?query-1350b371-page=2\">Nast&#281;pny<\/a>\n<\/div>\n\n<\/div>\n<\/div>\n","protected":false},"excerpt":{"rendered":"<p>Handel mo&#380;e by&#263; trudny. Jest wiele rzeczy, kt&oacute;re trzeba &#347;ledzi&#263;. &#321;atwo jest pope&#322;nia&#263; b&#322;&#281;dy. Sztuczna inteligencja i automatyzacja mog&#261; pom&oacute;c. Dostrzegaj&#261; rzeczy, kt&oacute;re mo&#380;na przegapi&#263;. Zajmuj&#261; si&#281; zadaniami szybciej ni&#380; ty. Ale to nie magia. Nadal musisz wiedzie&#263;, co robisz. Na Cointrade.pl przygl&#261;damy si&#281; narz&#281;dziom handlowym, kt&oacute;re wykorzystuj&#261; sztuczn&#261; inteligencj&#281; i automatyzacj&#281; &ndash; czy s&#261; &#8230; <a title=\"Odkryj najlepsze narz\u0119dzia sztucznej inteligencji i automatyzacji dla inteligentniejszych operacji\" class=\"read-more\" href=\"https:\/\/cointrade.es\/pl\/opiniones\/\" aria-label=\"Dowiedz si\u0119 wi\u0119cej o Odkryj najlepsze narz\u0119dzia sztucznej inteligencji i automatyzacji dla inteligentniejszych operacji\">Czytaj dalej<\/a><\/p>\n","protected":false},"author":1,"featured_media":0,"parent":0,"menu_order":0,"comment_status":"closed","ping_status":"closed","template":"","meta":{"footnotes":""},"class_list":["post-23166","page","type-page","status-publish"],"rank_math_title":"Bezstronne recenzje narz\u0119dzi handlowych opartych na sztucznej inteligencji | Cointrade.co.uk","rank_math_description":"Zapoznaj si\u0119 z rzetelnymi recenzjami projekt\u00f3w komercyjnych wykorzystuj\u0105cych technologie sztucznej inteligencji i automatyzacji. Znajd\u017a narz\u0119dzia, kt\u00f3re upraszczaj\u0105 operacje i zapewniaj\u0105 kontrol\u0119. ","rank_math_focus_keyword":"Cointrade","_links":{"self":[{"href":"https:\/\/cointrade.es\/pl\/wp-json\/wp\/v2\/pages\/23166","targetHints":{"allow":["GET"]}}],"collection":[{"href":"https:\/\/cointrade.es\/pl\/wp-json\/wp\/v2\/pages"}],"about":[{"href":"https:\/\/cointrade.es\/pl\/wp-json\/wp\/v2\/types\/page"}],"author":[{"embeddable":true,"href":"https:\/\/cointrade.es\/pl\/wp-json\/wp\/v2\/users\/1"}],"replies":[{"embeddable":true,"href":"https:\/\/cointrade.es\/pl\/wp-json\/wp\/v2\/comments?post=23166"}],"version-history":[{"count":0,"href":"https:\/\/cointrade.es\/pl\/wp-json\/wp\/v2\/pages\/23166\/revisions"}],"wp:attachment":[{"href":"https:\/\/cointrade.es\/pl\/wp-json\/wp\/v2\/media?parent=23166"}],"curies":[{"name":"wp","href":"https:\/\/api.w.org\/{rel}","templated":true}]}}