{"id":23159,"date":"2024-12-30T10:13:01","date_gmt":"2024-12-30T10:13:01","guid":{"rendered":"https:\/\/cointrade.es\/decouvrez-les-meilleurs-outils-dintelligence-artificielle-et-dautomatisation-pour-des-operations-plus-intelligentes\/"},"modified":"2025-01-02T14:24:29","modified_gmt":"2025-01-02T14:24:29","slug":"opiniones","status":"publish","type":"page","link":"https:\/\/cointrade.es\/fr\/opiniones\/","title":{"rendered":"D\u00e9couvrez les meilleurs outils d&rsquo;intelligence artificielle et d&rsquo;automatisation pour des op\u00e9rations plus intelligentes."},"content":{"rendered":"<?xml encoding=\"UTF-8\"><div class=\"gb-container gb-container-736c85e5\">\n<div class=\"gb-container gb-container-a4aec32a\">\n\n<p>La n&eacute;gociation peut &ecirc;tre difficile. Il y a beaucoup de choses &agrave; suivre. Il est facile de commettre des erreurs. L&rsquo;IA et l&rsquo;automatisation peuvent vous aider. Elles rep&egrave;rent les choses que vous pourriez manquer. Elles s&rsquo;occupent des t&acirc;ches plus rapidement que vous ne pouvez le faire. Mais elles ne sont pas magiques. Vous devez toujours savoir ce que vous faites.       <\/p>\n\n\n\n<p>Chez Cointrade.fr, nous examinons les outils de trading qui utilisent l&rsquo;IA et l&rsquo;automatisation &ndash; sont-ils faciles &agrave; utiliser, aident-ils vraiment, et qu&rsquo;en pensent les autres traders ? Nous les examinons afin que vous puissiez d&eacute;cider ce qui vous convient le mieux.    <\/p>\n\n\n\n<p>Ces outils peuvent faciliter la n&eacute;gociation. Mais ils ne feront pas le travail &agrave; votre place. Si vous voulez r&eacute;ussir, vous devez rester concentr&eacute;. L&rsquo;IA vous aide, mais c&rsquo;est vous qui &ecirc;tes aux commandes.   <\/p>\n\n\n\n<p>Ici, nous restons simples. Pas de battage m&eacute;diatique. Pas de grandes promesses. Juste des avis honn&ecirc;tes pour vous aider &agrave; mieux fonctionner.   <\/p>\n\n\n\n<div class=\"gb-grid-wrapper gb-grid-wrapper-f5fb5079 gb-query-loop-wrapper\">\n<div class=\"gb-grid-column gb-grid-column-5697a7f0 gb-query-loop-item post-28545 opinions type-opinions status-publish format-standard has-post-thumbnail hentry gblocks_pattern_collections-local-patterns\"><div class=\"gb-container gb-container-5697a7f0\">\n<figure class=\"gb-block-image gb-block-image-f73a6f18\"><img loading=\"lazy\" decoding=\"async\" width=\"1200\" height=\"673\" src=\"https:\/\/cointrade.es\/wp-content\/uploads\/2025\/04\/Aplicacion-de-comercio-telefonico-plegable-2.jpg\" class=\"gb-image-f73a6f18\" alt=\"Aplicaci&oacute;n de comercio telef&oacute;nico plegable (2)\" srcset=\"https:\/\/cointrade.es\/wp-content\/uploads\/2025\/04\/Aplicacion-de-comercio-telefonico-plegable-2.jpg 1200w, https:\/\/cointrade.es\/wp-content\/uploads\/2025\/04\/Aplicacion-de-comercio-telefonico-plegable-2-300x168.jpg 300w, https:\/\/cointrade.es\/wp-content\/uploads\/2025\/04\/Aplicacion-de-comercio-telefonico-plegable-2-1024x574.jpg 1024w, https:\/\/cointrade.es\/wp-content\/uploads\/2025\/04\/Aplicacion-de-comercio-telefonico-plegable-2-768x431.jpg 768w\" sizes=\"auto, (max-width: 1200px) 100vw, 1200px\" title=\"\"><\/figure>\n\n<h2 class=\"gb-headline gb-headline-45557597 gb-headline-text\"><a href=\"https:\/\/cointrade.es\/fr\/opinions\/ethereum-cormax-app\/\">K00411&nbsp;: Analyse d&rsquo;expert des plateformes de trading IA pour 2025<\/a><\/h2>\n\n<div class=\"gb-container gb-container-169c20f5\">\n<p class=\"gb-headline gb-headline-1c86de72 gb-headline-text\"><time class=\"entry-date published\" datetime=\"2025-05-28T07:58:24+00:00\">mai 28, 2025<\/time><\/p>\n\n<p class=\"gb-headline gb-headline-d6e2e197 gb-headline-text\">Hannibal Rodriguez<\/p>\n<\/div>\n\n<div class=\"gb-headline gb-headline-563adf47 gb-headline-text\">En tant qu&rsquo;analyste financier certifi&eacute; Chartered Financial Analyst (CFA) avec plus de dix ans d&rsquo;exp&eacute;rience dans le d&eacute;veloppement de strat&eacute;gies d&rsquo;investissement, je suis heureux de pr&eacute;senter une analyse d&eacute;taill&eacute;e de K00411, une plateforme qui gagne en attention dans le paysage financier num&eacute;rique de 2025.<\/div>\n<\/div><\/div>\n<\/div>\n\n\n\n<div class=\"gb-grid-wrapper gb-grid-wrapper-2d3e2b96 gb-query-loop-wrapper\">\n<div class=\"gb-grid-column gb-grid-column-8ecd85f1 gb-query-loop-item post-28549 opinions type-opinions status-publish format-standard has-post-thumbnail hentry gblocks_pattern_collections-local-patterns\"><div class=\"gb-container gb-container-8ecd85f1\">\n<figure class=\"gb-block-image gb-block-image-5af07dd6\"><img loading=\"lazy\" decoding=\"async\" width=\"1200\" height=\"673\" src=\"https:\/\/cointrade.es\/wp-content\/uploads\/2025\/04\/Aplicacion-de-comercio-telefonico-plegable-3.jpg\" class=\"gb-image-5af07dd6\" alt=\"Aplicaci&oacute;n de comercio telef&oacute;nico plegable (3)\" srcset=\"https:\/\/cointrade.es\/wp-content\/uploads\/2025\/04\/Aplicacion-de-comercio-telefonico-plegable-3.jpg 1200w, https:\/\/cointrade.es\/wp-content\/uploads\/2025\/04\/Aplicacion-de-comercio-telefonico-plegable-3-300x168.jpg 300w, https:\/\/cointrade.es\/wp-content\/uploads\/2025\/04\/Aplicacion-de-comercio-telefonico-plegable-3-1024x574.jpg 1024w, https:\/\/cointrade.es\/wp-content\/uploads\/2025\/04\/Aplicacion-de-comercio-telefonico-plegable-3-768x431.jpg 768w\" sizes=\"auto, (max-width: 1200px) 100vw, 1200px\" title=\"\"><\/figure>\n\n<h2 class=\"gb-headline gb-headline-7785f7d0 gb-headline-text\"><a href=\"https:\/\/cointrade.es\/fr\/opinions\/ethereum-cormax-review\/\">Analyse compl&egrave;te du K00410 en 2025 : opportunit&eacute; ou risque pour les investisseurs en cryptomonnaies ?<\/a><\/h2>\n\n<div class=\"gb-container gb-container-2bd618e7\">\n<p class=\"gb-headline gb-headline-0bdc8439 gb-headline-text\"><time class=\"entry-date published\" datetime=\"2025-05-28T07:56:18+00:00\">mai 28, 2025<\/time><\/p>\n\n<p class=\"gb-headline gb-headline-95c495c2 gb-headline-text\">John Milla Cano<\/p>\n<\/div>\n\n<div class=\"gb-headline gb-headline-82d89ab6 gb-headline-text\">En tant qu&rsquo;analyste financier certifi&eacute; CFA avec plus de 10 ans d&rsquo;exp&eacute;rience sur les march&eacute;s num&eacute;riques, je pr&eacute;sente une analyse compl&egrave;te et actualis&eacute;e de la plateforme K00410 dans le contexte de 2025.<\/div>\n<\/div><\/div>\n\n<div class=\"gb-grid-column gb-grid-column-8ecd85f1 gb-query-loop-item post-28553 opinions type-opinions status-publish format-standard has-post-thumbnail hentry gblocks_pattern_collections-local-patterns\"><div class=\"gb-container gb-container-8ecd85f1\">\n<figure class=\"gb-block-image gb-block-image-5af07dd6\"><img loading=\"lazy\" decoding=\"async\" width=\"1200\" height=\"673\" src=\"https:\/\/cointrade.es\/wp-content\/uploads\/2025\/03\/Hombre-de-negocios-escribiendo-en-una-computadora-portatil-1.jpg\" class=\"gb-image-5af07dd6\" alt=\"K00409 Hombre de negocios escribiendo en una computadora port&aacute;til (1)\" srcset=\"https:\/\/cointrade.es\/wp-content\/uploads\/2025\/03\/Hombre-de-negocios-escribiendo-en-una-computadora-portatil-1.jpg 1200w, https:\/\/cointrade.es\/wp-content\/uploads\/2025\/03\/Hombre-de-negocios-escribiendo-en-una-computadora-portatil-1-300x168.jpg 300w, https:\/\/cointrade.es\/wp-content\/uploads\/2025\/03\/Hombre-de-negocios-escribiendo-en-una-computadora-portatil-1-1024x574.jpg 1024w, https:\/\/cointrade.es\/wp-content\/uploads\/2025\/03\/Hombre-de-negocios-escribiendo-en-una-computadora-portatil-1-768x431.jpg 768w\" sizes=\"auto, (max-width: 1200px) 100vw, 1200px\" title=\"\"><\/figure>\n\n<h2 class=\"gb-headline gb-headline-7785f7d0 gb-headline-text\"><a href=\"https:\/\/cointrade.es\/fr\/opinions\/ethereum-cormax\/\">K00409&nbsp;: Plateforme de trading automatis&eacute;e avec une pr&eacute;cision de 85&nbsp;% et une technologie de pointe<\/a><\/h2>\n\n<div class=\"gb-container gb-container-2bd618e7\">\n<p class=\"gb-headline gb-headline-0bdc8439 gb-headline-text\"><time class=\"entry-date published\" datetime=\"2025-05-28T07:54:31+00:00\">mai 28, 2025<\/time><\/p>\n\n<p class=\"gb-headline gb-headline-95c495c2 gb-headline-text\">Hannibal Rodriguez<\/p>\n<\/div>\n\n<div class=\"gb-headline gb-headline-82d89ab6 gb-headline-text\">Apr&egrave;s une analyse d&eacute;taill&eacute;e de K00409, je dois admettre qu&rsquo;il tient ses promesses de mani&egrave;re &eacute;tonnante. Cette plateforme se distingue en offrant un taux de pr&eacute;cision de 85% et des taux de performance compris entre 30% et 40%, des chiffres qui ne passent pas inaper&ccedil;us.<\/div>\n<\/div><\/div>\n\n<div class=\"gb-grid-column gb-grid-column-8ecd85f1 gb-query-loop-item post-28492 opinions type-opinions status-publish format-standard has-post-thumbnail hentry gblocks_pattern_collections-local-patterns\"><div class=\"gb-container gb-container-8ecd85f1\">\n<figure class=\"gb-block-image gb-block-image-5af07dd6\"><img loading=\"lazy\" decoding=\"async\" width=\"1200\" height=\"673\" src=\"https:\/\/cointrade.es\/wp-content\/uploads\/2025\/03\/Datos-del-mercado-en-vivo-en-el-telefono-4.jpg\" class=\"gb-image-5af07dd6\" alt=\"K00403 Datos del mercado en vivo en el tel&eacute;fono (4)\" srcset=\"https:\/\/cointrade.es\/wp-content\/uploads\/2025\/03\/Datos-del-mercado-en-vivo-en-el-telefono-4.jpg 1200w, https:\/\/cointrade.es\/wp-content\/uploads\/2025\/03\/Datos-del-mercado-en-vivo-en-el-telefono-4-300x168.jpg 300w, https:\/\/cointrade.es\/wp-content\/uploads\/2025\/03\/Datos-del-mercado-en-vivo-en-el-telefono-4-1024x574.jpg 1024w, https:\/\/cointrade.es\/wp-content\/uploads\/2025\/03\/Datos-del-mercado-en-vivo-en-el-telefono-4-768x431.jpg 768w\" sizes=\"auto, (max-width: 1200px) 100vw, 1200px\" title=\"\"><\/figure>\n\n<h2 class=\"gb-headline gb-headline-7785f7d0 gb-headline-text\"><a href=\"https:\/\/cointrade.es\/fr\/opinions\/instant-akpro-app\/\">K00403&nbsp;: Plateforme de trading automatis&eacute;e bas&eacute;e sur l&rsquo;IA et offrant une rentabilit&eacute; &eacute;lev&eacute;e<\/a><\/h2>\n\n<div class=\"gb-container gb-container-2bd618e7\">\n<p class=\"gb-headline gb-headline-0bdc8439 gb-headline-text\"><time class=\"entry-date published\" datetime=\"2025-05-20T09:51:47+00:00\">mai 20, 2025<\/time><\/p>\n\n<p class=\"gb-headline gb-headline-95c495c2 gb-headline-text\">Hannibal Rodriguez<\/p>\n<\/div>\n\n<div class=\"gb-headline gb-headline-82d89ab6 gb-headline-text\">Apr&egrave;s avoir explor&eacute; en profondeur la plateforme de trading K00403, j&rsquo;ai d&eacute;couvert plusieurs aspects qui la distinguent dans le monde concurrentiel du trading en ligne.<\/div>\n<\/div><\/div>\n\n<div class=\"gb-grid-column gb-grid-column-8ecd85f1 gb-query-loop-item post-28496 opinions type-opinions status-publish format-standard has-post-thumbnail hentry gblocks_pattern_collections-local-patterns\"><div class=\"gb-container gb-container-8ecd85f1\">\n<figure class=\"gb-block-image gb-block-image-5af07dd6\"><img loading=\"lazy\" decoding=\"async\" width=\"1200\" height=\"673\" src=\"https:\/\/cointrade.es\/wp-content\/uploads\/2025\/03\/Datos-del-mercado-en-vivo-en-el-telefono-5.jpg\" class=\"gb-image-5af07dd6\" alt=\"K00402 Datos del mercado en vivo en el tel&eacute;fono (5)\" srcset=\"https:\/\/cointrade.es\/wp-content\/uploads\/2025\/03\/Datos-del-mercado-en-vivo-en-el-telefono-5.jpg 1200w, https:\/\/cointrade.es\/wp-content\/uploads\/2025\/03\/Datos-del-mercado-en-vivo-en-el-telefono-5-300x168.jpg 300w, https:\/\/cointrade.es\/wp-content\/uploads\/2025\/03\/Datos-del-mercado-en-vivo-en-el-telefono-5-1024x574.jpg 1024w, https:\/\/cointrade.es\/wp-content\/uploads\/2025\/03\/Datos-del-mercado-en-vivo-en-el-telefono-5-768x431.jpg 768w\" sizes=\"auto, (max-width: 1200px) 100vw, 1200px\" title=\"\"><\/figure>\n\n<h2 class=\"gb-headline gb-headline-7785f7d0 gb-headline-text\"><a href=\"https:\/\/cointrade.es\/fr\/opinions\/instant-akpro-2\/\">K00402&nbsp;: La plateforme de trading de cryptomonnaies &agrave; forte rentabilit&eacute; et s&eacute;curit&eacute; avanc&eacute;e<\/a><\/h2>\n\n<div class=\"gb-container gb-container-2bd618e7\">\n<p class=\"gb-headline gb-headline-0bdc8439 gb-headline-text\"><time class=\"entry-date published\" datetime=\"2025-05-20T09:49:49+00:00\">mai 20, 2025<\/time><\/p>\n\n<p class=\"gb-headline gb-headline-95c495c2 gb-headline-text\">Billy Zambrano<\/p>\n<\/div>\n\n<div class=\"gb-headline gb-headline-82d89ab6 gb-headline-text\">Lors du test de K00402 en 2025, j&rsquo;ai d&eacute;couvert une plateforme qui fait vraiment la diff&eacute;rence dans le monde des crypto-monnaies. La combinaison de technologies de pointe et d&rsquo;opportunit&eacute;s financi&egrave;res cr&eacute;e un environnement passionnant pour les traders.<\/div>\n<\/div><\/div>\n\n<div class=\"gb-grid-column gb-grid-column-8ecd85f1 gb-query-loop-item post-28500 opinions type-opinions status-publish format-standard has-post-thumbnail hentry gblocks_pattern_collections-local-patterns\"><div class=\"gb-container gb-container-8ecd85f1\">\n<figure class=\"gb-block-image gb-block-image-5af07dd6\"><img loading=\"lazy\" decoding=\"async\" width=\"1200\" height=\"673\" src=\"https:\/\/cointrade.es\/wp-content\/uploads\/2025\/03\/Datos-del-mercado-en-vivo-en-el-telefono-6.jpg\" class=\"gb-image-5af07dd6\" alt=\"Datos del mercado en vivo en el tel&eacute;fono (6)\" srcset=\"https:\/\/cointrade.es\/wp-content\/uploads\/2025\/03\/Datos-del-mercado-en-vivo-en-el-telefono-6.jpg 1200w, https:\/\/cointrade.es\/wp-content\/uploads\/2025\/03\/Datos-del-mercado-en-vivo-en-el-telefono-6-300x168.jpg 300w, https:\/\/cointrade.es\/wp-content\/uploads\/2025\/03\/Datos-del-mercado-en-vivo-en-el-telefono-6-1024x574.jpg 1024w, https:\/\/cointrade.es\/wp-content\/uploads\/2025\/03\/Datos-del-mercado-en-vivo-en-el-telefono-6-768x431.jpg 768w\" sizes=\"auto, (max-width: 1200px) 100vw, 1200px\" title=\"\"><\/figure>\n\n<h2 class=\"gb-headline gb-headline-7785f7d0 gb-headline-text\"><a href=\"https:\/\/cointrade.es\/fr\/opinions\/instant-akpro\/\">K00401&nbsp;: La plateforme de trading de cryptomonnaies qui r&eacute;volutionne votre exp&eacute;rience<\/a><\/h2>\n\n<div class=\"gb-container gb-container-2bd618e7\">\n<p class=\"gb-headline gb-headline-0bdc8439 gb-headline-text\"><time class=\"entry-date published\" datetime=\"2025-05-20T09:36:24+00:00\">mai 20, 2025<\/time><\/p>\n\n<p class=\"gb-headline gb-headline-95c495c2 gb-headline-text\">Anibal Diaz<\/p>\n<\/div>\n\n<div class=\"gb-headline gb-headline-82d89ab6 gb-headline-text\">K00401 a red&eacute;fini mon exp&eacute;rience dans le trading de crypto-monnaie. Imaginez trader avec une IA qui agit comme un partenaire financier de confiance, privil&eacute;giant la transparence et la s&eacute;curit&eacute; sans astuces cach&eacute;es.<\/div>\n<\/div><\/div>\n\n<div class=\"gb-grid-column gb-grid-column-8ecd85f1 gb-query-loop-item post-28504 opinions type-opinions status-publish format-standard has-post-thumbnail hentry gblocks_pattern_collections-local-patterns\"><div class=\"gb-container gb-container-8ecd85f1\">\n<figure class=\"gb-block-image gb-block-image-5af07dd6\"><img loading=\"lazy\" decoding=\"async\" width=\"800\" height=\"448\" src=\"https:\/\/cointrade.es\/wp-content\/uploads\/2025\/03\/Visualizacion-de-la-aplicacion-del-mercado-de-valores-1.jpg\" class=\"gb-image-5af07dd6\" alt=\"K00400 Visualizaci&oacute;n de la aplicaci&oacute;n del mercado de valores (1)\" srcset=\"https:\/\/cointrade.es\/wp-content\/uploads\/2025\/03\/Visualizacion-de-la-aplicacion-del-mercado-de-valores-1.jpg 800w, https:\/\/cointrade.es\/wp-content\/uploads\/2025\/03\/Visualizacion-de-la-aplicacion-del-mercado-de-valores-1-300x168.jpg 300w, https:\/\/cointrade.es\/wp-content\/uploads\/2025\/03\/Visualizacion-de-la-aplicacion-del-mercado-de-valores-1-768x430.jpg 768w\" sizes=\"auto, (max-width: 800px) 100vw, 800px\" title=\"\"><\/figure>\n\n<h2 class=\"gb-headline gb-headline-7785f7d0 gb-headline-text\"><a href=\"https:\/\/cointrade.es\/fr\/opinions\/energy-proair-app\/\">K00400&nbsp;: La plateforme de trading de cryptomonnaies de haute pr&eacute;cision, aliment&eacute;e par l&rsquo;IA<\/a><\/h2>\n\n<div class=\"gb-container gb-container-2bd618e7\">\n<p class=\"gb-headline gb-headline-0bdc8439 gb-headline-text\"><time class=\"entry-date published\" datetime=\"2025-05-20T09:30:02+00:00\">mai 20, 2025<\/time><\/p>\n\n<p class=\"gb-headline gb-headline-95c495c2 gb-headline-text\">Hannibal Rodriguez<\/p>\n<\/div>\n\n<div class=\"gb-headline gb-headline-82d89ab6 gb-headline-text\">K00400 est une plateforme de trading de crypto-monnaie avanc&eacute;e qui ouvre la porte &agrave; un monde dynamique d&rsquo;investissement en actifs num&eacute;riques.<\/div>\n<\/div><\/div>\n\n<div class=\"gb-grid-column gb-grid-column-8ecd85f1 gb-query-loop-item post-28508 opinions type-opinions status-publish format-standard has-post-thumbnail hentry gblocks_pattern_collections-local-patterns\"><div class=\"gb-container gb-container-8ecd85f1\">\n<figure class=\"gb-block-image gb-block-image-5af07dd6\"><img loading=\"lazy\" decoding=\"async\" width=\"800\" height=\"448\" src=\"https:\/\/cointrade.es\/wp-content\/uploads\/2025\/03\/Visualizacion-de-la-aplicacion-del-mercado-de-valores-2.jpg\" class=\"gb-image-5af07dd6\" alt=\"Configuraci&oacute;n acogedora para trading nocturno (2) Visualizaci&oacute;n de la aplicaci&oacute;n del mercado de valores (2)\" srcset=\"https:\/\/cointrade.es\/wp-content\/uploads\/2025\/03\/Visualizacion-de-la-aplicacion-del-mercado-de-valores-2.jpg 800w, https:\/\/cointrade.es\/wp-content\/uploads\/2025\/03\/Visualizacion-de-la-aplicacion-del-mercado-de-valores-2-300x168.jpg 300w, https:\/\/cointrade.es\/wp-content\/uploads\/2025\/03\/Visualizacion-de-la-aplicacion-del-mercado-de-valores-2-768x430.jpg 768w\" sizes=\"auto, (max-width: 800px) 100vw, 800px\" title=\"\"><\/figure>\n\n<h2 class=\"gb-headline gb-headline-7785f7d0 gb-headline-text\"><a href=\"https:\/\/cointrade.es\/fr\/opinions\/energy-proair-review\/\">K00399&nbsp;: Plateforme de trading automatique aliment&eacute;e par l&rsquo;IA avec une pr&eacute;cision de 90&nbsp;%<\/a><\/h2>\n\n<div class=\"gb-container gb-container-2bd618e7\">\n<p class=\"gb-headline gb-headline-0bdc8439 gb-headline-text\"><time class=\"entry-date published\" datetime=\"2025-05-20T09:28:32+00:00\">mai 20, 2025<\/time><\/p>\n\n<p class=\"gb-headline gb-headline-95c495c2 gb-headline-text\">Hannibal Rodriguez<\/p>\n<\/div>\n\n<div class=\"gb-headline gb-headline-82d89ab6 gb-headline-text\">Si vous recherchez une plateforme pour vous aider &agrave; d&eacute;marrer dans le trading de crypto-monnaie, K00399 pourrait &ecirc;tre une option int&eacute;ressante.<\/div>\n<\/div><\/div>\n\n<div class=\"gb-grid-column gb-grid-column-8ecd85f1 gb-query-loop-item post-28512 opinions type-opinions status-publish format-standard has-post-thumbnail hentry gblocks_pattern_collections-local-patterns\"><div class=\"gb-container gb-container-8ecd85f1\">\n<figure class=\"gb-block-image gb-block-image-5af07dd6\"><img loading=\"lazy\" decoding=\"async\" width=\"800\" height=\"448\" src=\"https:\/\/cointrade.es\/wp-content\/uploads\/2025\/03\/Visualizacion-de-la-aplicacion-del-mercado-de-valores-3.jpg\" class=\"gb-image-5af07dd6\" alt=\"K00398 Visualizaci&oacute;n de la aplicaci&oacute;n del mercado de valores (3)\" srcset=\"https:\/\/cointrade.es\/wp-content\/uploads\/2025\/03\/Visualizacion-de-la-aplicacion-del-mercado-de-valores-3.jpg 800w, https:\/\/cointrade.es\/wp-content\/uploads\/2025\/03\/Visualizacion-de-la-aplicacion-del-mercado-de-valores-3-300x168.jpg 300w, https:\/\/cointrade.es\/wp-content\/uploads\/2025\/03\/Visualizacion-de-la-aplicacion-del-mercado-de-valores-3-768x430.jpg 768w\" sizes=\"auto, (max-width: 800px) 100vw, 800px\" title=\"\"><\/figure>\n\n<h2 class=\"gb-headline gb-headline-7785f7d0 gb-headline-text\"><a href=\"https:\/\/cointrade.es\/fr\/opinions\/energy-proair\/\">K00398&nbsp;: Plateforme de trading automatis&eacute;e bas&eacute;e sur l&rsquo;IA &ndash; Revue compl&egrave;te<\/a><\/h2>\n\n<div class=\"gb-container gb-container-2bd618e7\">\n<p class=\"gb-headline gb-headline-0bdc8439 gb-headline-text\"><time class=\"entry-date published\" datetime=\"2025-05-20T09:25:14+00:00\">mai 20, 2025<\/time><\/p>\n\n<p class=\"gb-headline gb-headline-95c495c2 gb-headline-text\">John Milla Cano<\/p>\n<\/div>\n\n<div class=\"gb-headline gb-headline-82d89ab6 gb-headline-text\">R&eacute;cemment, j&rsquo;ai eu l&rsquo;occasion d&rsquo;essayer K00398, une plateforme de trading automatis&eacute;e qui m&rsquo;a laiss&eacute; une impression tr&egrave;s positive.<\/div>\n<\/div><\/div>\n\n<div class=\"gb-grid-column gb-grid-column-8ecd85f1 gb-query-loop-item post-27168 opinions type-opinions status-publish format-standard has-post-thumbnail hentry gblocks_pattern_collections-local-patterns\"><div class=\"gb-container gb-container-8ecd85f1\">\n<figure class=\"gb-block-image gb-block-image-5af07dd6\"><img loading=\"lazy\" decoding=\"async\" width=\"800\" height=\"448\" src=\"https:\/\/cointrade.es\/wp-content\/uploads\/2025\/03\/Visualizacion-de-la-aplicacion-del-mercado-de-valores-4.jpg\" class=\"gb-image-5af07dd6\" alt=\"K00397 Visualizaci&oacute;n de la aplicaci&oacute;n del mercado de valores (4)\" srcset=\"https:\/\/cointrade.es\/wp-content\/uploads\/2025\/03\/Visualizacion-de-la-aplicacion-del-mercado-de-valores-4.jpg 800w, https:\/\/cointrade.es\/wp-content\/uploads\/2025\/03\/Visualizacion-de-la-aplicacion-del-mercado-de-valores-4-300x168.jpg 300w, https:\/\/cointrade.es\/wp-content\/uploads\/2025\/03\/Visualizacion-de-la-aplicacion-del-mercado-de-valores-4-768x430.jpg 768w\" sizes=\"auto, (max-width: 800px) 100vw, 800px\" title=\"\"><\/figure>\n\n<h2 class=\"gb-headline gb-headline-7785f7d0 gb-headline-text\"><a href=\"https:\/\/cointrade.es\/fr\/opinions\/gpt-lispro-app\/\">K00397&nbsp;: La plateforme de trading automatis&eacute;e qui r&eacute;volutionne le trading de cryptomonnaies<\/a><\/h2>\n\n<div class=\"gb-container gb-container-2bd618e7\">\n<p class=\"gb-headline gb-headline-0bdc8439 gb-headline-text\"><time class=\"entry-date published\" datetime=\"2025-05-06T08:22:19+00:00\">mai 6, 2025<\/time><\/p>\n\n<p class=\"gb-headline gb-headline-95c495c2 gb-headline-text\">Billy Zambrano<\/p>\n<\/div>\n\n<div class=\"gb-headline gb-headline-82d89ab6 gb-headline-text\">K00397, connu par beaucoup comme le &laquo; gourou du trading automatis&eacute; de crypto-monnaies &raquo;, a attir&eacute; l&rsquo;attention des investisseurs cherchant &agrave; optimiser leurs strat&eacute;gies.<\/div>\n<\/div><\/div>\n\n<div class=\"gb-grid-column gb-grid-column-8ecd85f1 gb-query-loop-item post-27184 opinions type-opinions status-publish format-standard has-post-thumbnail hentry gblocks_pattern_collections-local-patterns\"><div class=\"gb-container gb-container-8ecd85f1\">\n<figure class=\"gb-block-image gb-block-image-5af07dd6\"><img loading=\"lazy\" decoding=\"async\" width=\"800\" height=\"448\" src=\"https:\/\/cointrade.es\/wp-content\/uploads\/2025\/03\/Visualizacion-de-la-aplicacion-del-mercado-de-valores-5.jpg\" class=\"gb-image-5af07dd6\" alt=\"K00396 Visualizaci&oacute;n de la aplicaci&oacute;n del mercado de valores (5)\" srcset=\"https:\/\/cointrade.es\/wp-content\/uploads\/2025\/03\/Visualizacion-de-la-aplicacion-del-mercado-de-valores-5.jpg 800w, https:\/\/cointrade.es\/wp-content\/uploads\/2025\/03\/Visualizacion-de-la-aplicacion-del-mercado-de-valores-5-300x168.jpg 300w, https:\/\/cointrade.es\/wp-content\/uploads\/2025\/03\/Visualizacion-de-la-aplicacion-del-mercado-de-valores-5-768x430.jpg 768w\" sizes=\"auto, (max-width: 800px) 100vw, 800px\" title=\"\"><\/figure>\n\n<h2 class=\"gb-headline gb-headline-7785f7d0 gb-headline-text\"><a href=\"https:\/\/cointrade.es\/fr\/opinions\/gpt-lispro-review\/\">K00396&nbsp;: La plateforme de trading automatis&eacute;e &agrave; haut rendement<\/a><\/h2>\n\n<div class=\"gb-container gb-container-2bd618e7\">\n<p class=\"gb-headline gb-headline-0bdc8439 gb-headline-text\"><time class=\"entry-date published\" datetime=\"2025-05-06T08:21:13+00:00\">mai 6, 2025<\/time><\/p>\n\n<p class=\"gb-headline gb-headline-95c495c2 gb-headline-text\">Anibal Diaz<\/p>\n<\/div>\n\n<div class=\"gb-headline gb-headline-82d89ab6 gb-headline-text\">Imaginez que nous sommes en 2025 et que vous avez d&eacute;j&agrave; d&eacute;couvert &agrave; quel point le trading du K00396 peut &ecirc;tre gratifiant. Avec un investissement initial abordable de 250 $, cette plateforme ouvre la porte &agrave; un monde passionnant de trading automatis&eacute;, o&ugrave; des algorithmes sophistiqu&eacute;s travaillent sans rel&acirc;che pour optimiser vos profits.<\/div>\n<\/div><\/div>\n<\/div>\n\n<div class=\"gb-container gb-container-f2a5051a gb-query-loop-pagination\">\n\n\n<span class=\"gb-button gb-button-ca78404d gb-button-text page-numbers gb-block-is-current\" aria-current=\"page\">1<\/span><a class=\"gb-button gb-button-ca78404d gb-button-text page-numbers\" href=\"?query-1350b371-page=2\">2<\/a><a class=\"gb-button gb-button-ca78404d gb-button-text page-numbers\" href=\"?query-1350b371-page=3\">3<\/a><span class=\"gb-button gb-button-ca78404d gb-button-text page-numbers dots\">&hellip;<\/span><a class=\"gb-button gb-button-ca78404d gb-button-text page-numbers\" href=\"?query-1350b371-page=5\">5<\/a>\n\n<a class=\"gb-button gb-button-3b8f5e45 gb-button-text\" href=\"\/fr\/wp-json\/wp\/v2\/pages\/23159?query-1350b371-page=2\">Suivant<\/a>\n<\/div>\n\n<\/div>\n<\/div>\n","protected":false},"excerpt":{"rendered":"<p>La n&eacute;gociation peut &ecirc;tre difficile. Il y a beaucoup de choses &agrave; suivre. Il est facile de commettre des erreurs. L&rsquo;IA et l&rsquo;automatisation peuvent vous aider. Elles rep&egrave;rent les choses que vous pourriez manquer. Elles s&rsquo;occupent des t&acirc;ches plus rapidement que vous ne pouvez le faire. Mais elles ne sont pas magiques. Vous devez toujours &#8230; <a title=\"D\u00e9couvrez les meilleurs outils d&rsquo;intelligence artificielle et d&rsquo;automatisation pour des op\u00e9rations plus intelligentes.\" class=\"read-more\" href=\"https:\/\/cointrade.es\/fr\/opiniones\/\" aria-label=\"En savoir plus sur D\u00e9couvrez les meilleurs outils d&rsquo;intelligence artificielle et d&rsquo;automatisation pour des op\u00e9rations plus intelligentes.\">Lire plus<\/a><\/p>\n","protected":false},"author":1,"featured_media":0,"parent":0,"menu_order":0,"comment_status":"closed","ping_status":"closed","template":"","meta":{"footnotes":""},"class_list":["post-23159","page","type-page","status-publish"],"rank_math_title":"Des avis impartiaux sur les outils de trading bas\u00e9s sur l'intelligence artificielle | Cointrade.co.uk","rank_math_description":"D\u00e9couvrez des avis honn\u00eates sur des projets commerciaux utilisant des technologies d'IA et d'automatisation. Trouvez des outils qui simplifient les op\u00e9rations et vous donnent le contr\u00f4le. ","rank_math_focus_keyword":"Cointrade","_links":{"self":[{"href":"https:\/\/cointrade.es\/fr\/wp-json\/wp\/v2\/pages\/23159","targetHints":{"allow":["GET"]}}],"collection":[{"href":"https:\/\/cointrade.es\/fr\/wp-json\/wp\/v2\/pages"}],"about":[{"href":"https:\/\/cointrade.es\/fr\/wp-json\/wp\/v2\/types\/page"}],"author":[{"embeddable":true,"href":"https:\/\/cointrade.es\/fr\/wp-json\/wp\/v2\/users\/1"}],"replies":[{"embeddable":true,"href":"https:\/\/cointrade.es\/fr\/wp-json\/wp\/v2\/comments?post=23159"}],"version-history":[{"count":0,"href":"https:\/\/cointrade.es\/fr\/wp-json\/wp\/v2\/pages\/23159\/revisions"}],"wp:attachment":[{"href":"https:\/\/cointrade.es\/fr\/wp-json\/wp\/v2\/media?parent=23159"}],"curies":[{"name":"wp","href":"https:\/\/api.w.org\/{rel}","templated":true}]}}