{"id":23170,"date":"2024-12-30T10:13:01","date_gmt":"2024-12-30T10:13:01","guid":{"rendered":"https:\/\/cointrade.es\/entdecken-sie-die-besten-tools-fuer-kuenstliche-intelligenz-und-automatisierung-fuer-intelligentere-ablaeufe\/"},"modified":"2025-01-02T14:24:34","modified_gmt":"2025-01-02T14:24:34","slug":"opiniones","status":"publish","type":"page","link":"https:\/\/cointrade.es\/de\/opiniones\/","title":{"rendered":"Entdecken Sie die besten Tools f\u00fcr k\u00fcnstliche Intelligenz und Automatisierung f\u00fcr intelligentere Abl\u00e4ufe"},"content":{"rendered":"<?xml encoding=\"UTF-8\"><div class=\"gb-container gb-container-736c85e5\">\n<div class=\"gb-container gb-container-a4aec32a\">\n\n<p>Der Handel kann schwierig sein. Es gibt eine Menge zu beachten. Es ist leicht, Fehler zu machen. KI und Automatisierung k&ouml;nnen helfen. Sie erkennen Dinge, die Sie vielleicht &uuml;bersehen. Sie erledigen Aufgaben schneller als Sie es k&ouml;nnen. Aber sie sind keine Zauberei. Sie m&uuml;ssen immer noch wissen, was Sie tun.       <\/p>\n\n\n\n<p>Bei Cointrade.de schauen wir uns Trading-Tools an, die KI und Automatisierung nutzen &ndash; sind sie einfach zu bedienen, helfen sie wirklich und was denken andere Trader? Wir testen sie, damit Sie entscheiden k&ouml;nnen, was das Beste f&uuml;r Sie ist.    <\/p>\n\n\n\n<p>Diese Tools k&ouml;nnen den Handel erleichtern. Aber sie werden Ihnen nicht die Arbeit abnehmen. Wenn Sie erfolgreich sein wollen, m&uuml;ssen Sie sich konzentrieren. Die KI hilft Ihnen, aber Sie haben das Sagen.   <\/p>\n\n\n\n<p>Hier halten wir es einfach. Kein Hype. Keine gro&szlig;en Versprechungen. Nur ehrliche Bewertungen, damit Sie besser arbeiten k&ouml;nnen.   <\/p>\n\n\n\n<div class=\"gb-grid-wrapper gb-grid-wrapper-f5fb5079 gb-query-loop-wrapper\">\n<div class=\"gb-grid-column gb-grid-column-5697a7f0 gb-query-loop-item post-28546 opinions type-opinions status-publish format-standard has-post-thumbnail hentry gblocks_pattern_collections-local-patterns\"><div class=\"gb-container gb-container-5697a7f0\">\n<figure class=\"gb-block-image gb-block-image-f73a6f18\"><img loading=\"lazy\" decoding=\"async\" width=\"1200\" height=\"673\" src=\"https:\/\/cointrade.es\/wp-content\/uploads\/2025\/04\/Aplicacion-de-comercio-telefonico-plegable-2.jpg\" class=\"gb-image-f73a6f18\" alt=\"Aplicaci&oacute;n de comercio telef&oacute;nico plegable (2)\" srcset=\"https:\/\/cointrade.es\/wp-content\/uploads\/2025\/04\/Aplicacion-de-comercio-telefonico-plegable-2.jpg 1200w, https:\/\/cointrade.es\/wp-content\/uploads\/2025\/04\/Aplicacion-de-comercio-telefonico-plegable-2-300x168.jpg 300w, https:\/\/cointrade.es\/wp-content\/uploads\/2025\/04\/Aplicacion-de-comercio-telefonico-plegable-2-1024x574.jpg 1024w, https:\/\/cointrade.es\/wp-content\/uploads\/2025\/04\/Aplicacion-de-comercio-telefonico-plegable-2-768x431.jpg 768w\" sizes=\"auto, (max-width: 1200px) 100vw, 1200px\" title=\"\"><\/figure>\n\n<h2 class=\"gb-headline gb-headline-45557597 gb-headline-text\"><a href=\"https:\/\/cointrade.es\/de\/opinions\/ethereum-cormax-app\/\">K00411: Expertenanalyse von KI-Handelsplattformen f&uuml;r 2025<\/a><\/h2>\n\n<div class=\"gb-container gb-container-169c20f5\">\n<p class=\"gb-headline gb-headline-1c86de72 gb-headline-text\"><time class=\"entry-date published\" datetime=\"2025-05-28T07:58:24+00:00\">Mai 28, 2025<\/time><\/p>\n\n<p class=\"gb-headline gb-headline-d6e2e197 gb-headline-text\">Hannibal Rodriguez<\/p>\n<\/div>\n\n<div class=\"gb-headline gb-headline-563adf47 gb-headline-text\">Als zertifizierter Finanzanalyst (Chartered Financial Analyst, CFA) mit &uuml;ber zehn Jahren Erfahrung in der Entwicklung von Anlagestrategien freue ich mich, eine detaillierte Analyse von K00411 vorlegen zu k&ouml;nnen, einer Plattform, die in der digitalen Finanzlandschaft des Jahres 2025 an Aufmerksamkeit gewinnt.<\/div>\n<\/div><\/div>\n<\/div>\n\n\n\n<div class=\"gb-grid-wrapper gb-grid-wrapper-2d3e2b96 gb-query-loop-wrapper\">\n<div class=\"gb-grid-column gb-grid-column-8ecd85f1 gb-query-loop-item post-28550 opinions type-opinions status-publish format-standard has-post-thumbnail hentry gblocks_pattern_collections-local-patterns\"><div class=\"gb-container gb-container-8ecd85f1\">\n<figure class=\"gb-block-image gb-block-image-5af07dd6\"><img loading=\"lazy\" decoding=\"async\" width=\"1200\" height=\"673\" src=\"https:\/\/cointrade.es\/wp-content\/uploads\/2025\/04\/Aplicacion-de-comercio-telefonico-plegable-3.jpg\" class=\"gb-image-5af07dd6\" alt=\"Aplicaci&oacute;n de comercio telef&oacute;nico plegable (3)\" srcset=\"https:\/\/cointrade.es\/wp-content\/uploads\/2025\/04\/Aplicacion-de-comercio-telefonico-plegable-3.jpg 1200w, https:\/\/cointrade.es\/wp-content\/uploads\/2025\/04\/Aplicacion-de-comercio-telefonico-plegable-3-300x168.jpg 300w, https:\/\/cointrade.es\/wp-content\/uploads\/2025\/04\/Aplicacion-de-comercio-telefonico-plegable-3-1024x574.jpg 1024w, https:\/\/cointrade.es\/wp-content\/uploads\/2025\/04\/Aplicacion-de-comercio-telefonico-plegable-3-768x431.jpg 768w\" sizes=\"auto, (max-width: 1200px) 100vw, 1200px\" title=\"\"><\/figure>\n\n<h2 class=\"gb-headline gb-headline-7785f7d0 gb-headline-text\"><a href=\"https:\/\/cointrade.es\/de\/opinions\/ethereum-cormax-review\/\">Vollst&auml;ndige Analyse von K00410 im Jahr 2025: Chance oder Risiko f&uuml;r Kryptow&auml;hrungsinvestoren?<\/a><\/h2>\n\n<div class=\"gb-container gb-container-2bd618e7\">\n<p class=\"gb-headline gb-headline-0bdc8439 gb-headline-text\"><time class=\"entry-date published\" datetime=\"2025-05-28T07:56:18+00:00\">Mai 28, 2025<\/time><\/p>\n\n<p class=\"gb-headline gb-headline-95c495c2 gb-headline-text\">John Milla Cano<\/p>\n<\/div>\n\n<div class=\"gb-headline gb-headline-82d89ab6 gb-headline-text\">Als CFA-zertifizierter Finanzanalyst mit &uuml;ber 10 Jahren Erfahrung in digitalen M&auml;rkten pr&auml;sentiere ich eine umfassende und aktuelle Analyse der K00410-Plattform im Kontext des Jahres 2025.<\/div>\n<\/div><\/div>\n\n<div class=\"gb-grid-column gb-grid-column-8ecd85f1 gb-query-loop-item post-28554 opinions type-opinions status-publish format-standard has-post-thumbnail hentry gblocks_pattern_collections-local-patterns\"><div class=\"gb-container gb-container-8ecd85f1\">\n<figure class=\"gb-block-image gb-block-image-5af07dd6\"><img loading=\"lazy\" decoding=\"async\" width=\"1200\" height=\"673\" src=\"https:\/\/cointrade.es\/wp-content\/uploads\/2025\/03\/Hombre-de-negocios-escribiendo-en-una-computadora-portatil-1.jpg\" class=\"gb-image-5af07dd6\" alt=\"K00409 Hombre de negocios escribiendo en una computadora port&aacute;til (1)\" srcset=\"https:\/\/cointrade.es\/wp-content\/uploads\/2025\/03\/Hombre-de-negocios-escribiendo-en-una-computadora-portatil-1.jpg 1200w, https:\/\/cointrade.es\/wp-content\/uploads\/2025\/03\/Hombre-de-negocios-escribiendo-en-una-computadora-portatil-1-300x168.jpg 300w, https:\/\/cointrade.es\/wp-content\/uploads\/2025\/03\/Hombre-de-negocios-escribiendo-en-una-computadora-portatil-1-1024x574.jpg 1024w, https:\/\/cointrade.es\/wp-content\/uploads\/2025\/03\/Hombre-de-negocios-escribiendo-en-una-computadora-portatil-1-768x431.jpg 768w\" sizes=\"auto, (max-width: 1200px) 100vw, 1200px\" title=\"\"><\/figure>\n\n<h2 class=\"gb-headline gb-headline-7785f7d0 gb-headline-text\"><a href=\"https:\/\/cointrade.es\/de\/opinions\/ethereum-cormax\/\">K00409: Automatisierte Handelsplattform mit 85 % Genauigkeit und modernster Technologie<\/a><\/h2>\n\n<div class=\"gb-container gb-container-2bd618e7\">\n<p class=\"gb-headline gb-headline-0bdc8439 gb-headline-text\"><time class=\"entry-date published\" datetime=\"2025-05-28T07:54:31+00:00\">Mai 28, 2025<\/time><\/p>\n\n<p class=\"gb-headline gb-headline-95c495c2 gb-headline-text\">Hannibal Rodriguez<\/p>\n<\/div>\n\n<div class=\"gb-headline gb-headline-82d89ab6 gb-headline-text\">Nach einer detaillierten Analyse von K00409 muss ich zugeben, dass es seine Versprechen in erstaunlicher Weise h&auml;lt. Diese Plattform zeichnet sich durch eine Genauigkeitsrate von 85 % und Leistungsraten zwischen 30 % und 40 % aus &ndash; Zahlen, die nicht unbemerkt bleiben.<\/div>\n<\/div><\/div>\n\n<div class=\"gb-grid-column gb-grid-column-8ecd85f1 gb-query-loop-item post-28540 opinions type-opinions status-publish format-standard has-post-thumbnail hentry gblocks_pattern_collections-local-patterns\"><div class=\"gb-container gb-container-8ecd85f1\">\n<figure class=\"gb-block-image gb-block-image-5af07dd6\"><img loading=\"lazy\" decoding=\"async\" width=\"1200\" height=\"673\" src=\"https:\/\/cointrade.es\/wp-content\/uploads\/2025\/03\/Hombre-de-negocios-escribiendo-en-una-computadora-portatil-3.jpg\" class=\"gb-image-5af07dd6\" alt=\"Hombre de negocios escribiendo en una computadora port&aacute;til (3)\" srcset=\"https:\/\/cointrade.es\/wp-content\/uploads\/2025\/03\/Hombre-de-negocios-escribiendo-en-una-computadora-portatil-3.jpg 1200w, https:\/\/cointrade.es\/wp-content\/uploads\/2025\/03\/Hombre-de-negocios-escribiendo-en-una-computadora-portatil-3-300x168.jpg 300w, https:\/\/cointrade.es\/wp-content\/uploads\/2025\/03\/Hombre-de-negocios-escribiendo-en-una-computadora-portatil-3-1024x574.jpg 1024w, https:\/\/cointrade.es\/wp-content\/uploads\/2025\/03\/Hombre-de-negocios-escribiendo-en-una-computadora-portatil-3-768x431.jpg 768w\" sizes=\"auto, (max-width: 1200px) 100vw, 1200px\" title=\"\"><\/figure>\n\n<h2 class=\"gb-headline gb-headline-7785f7d0 gb-headline-text\"><a href=\"https:\/\/cointrade.es\/de\/opinions\/stream-lonox-pip\/\">Ich habe K00407 3 Monate lang ausprobiert: eine KI-Handelsplattform, die wirklich &uuml;berrascht<\/a><\/h2>\n\n<div class=\"gb-container gb-container-2bd618e7\">\n<p class=\"gb-headline gb-headline-0bdc8439 gb-headline-text\"><time class=\"entry-date published\" datetime=\"2025-05-27T11:43:05+00:00\">Mai 27, 2025<\/time><\/p>\n\n<p class=\"gb-headline gb-headline-95c495c2 gb-headline-text\">Anibal Diaz<\/p>\n<\/div>\n\n<div class=\"gb-headline gb-headline-82d89ab6 gb-headline-text\">Ich hatte die Gelegenheit, K00407 drei Monate lang zu testen und muss sagen, ich war positiv &uuml;berrascht. Diese automatisierte Handelsplattform zeichnet sich durch eine Erfolgsquote von 87 % aus, eine Tatsache, die nicht unbemerkt bleibt, insbesondere wenn ihre Algorithmen der k&uuml;nstlichen Intelligenz st&auml;ndig daran arbeiten, die Anlagestrategien zu verfeinern und zu verbessern.<\/div>\n<\/div><\/div>\n\n<div class=\"gb-grid-column gb-grid-column-8ecd85f1 gb-query-loop-item post-28493 opinions type-opinions status-publish format-standard has-post-thumbnail hentry gblocks_pattern_collections-local-patterns\"><div class=\"gb-container gb-container-8ecd85f1\">\n<figure class=\"gb-block-image gb-block-image-5af07dd6\"><img loading=\"lazy\" decoding=\"async\" width=\"1200\" height=\"673\" src=\"https:\/\/cointrade.es\/wp-content\/uploads\/2025\/03\/Datos-del-mercado-en-vivo-en-el-telefono-4.jpg\" class=\"gb-image-5af07dd6\" alt=\"K00403 Datos del mercado en vivo en el tel&eacute;fono (4)\" srcset=\"https:\/\/cointrade.es\/wp-content\/uploads\/2025\/03\/Datos-del-mercado-en-vivo-en-el-telefono-4.jpg 1200w, https:\/\/cointrade.es\/wp-content\/uploads\/2025\/03\/Datos-del-mercado-en-vivo-en-el-telefono-4-300x168.jpg 300w, https:\/\/cointrade.es\/wp-content\/uploads\/2025\/03\/Datos-del-mercado-en-vivo-en-el-telefono-4-1024x574.jpg 1024w, https:\/\/cointrade.es\/wp-content\/uploads\/2025\/03\/Datos-del-mercado-en-vivo-en-el-telefono-4-768x431.jpg 768w\" sizes=\"auto, (max-width: 1200px) 100vw, 1200px\" title=\"\"><\/figure>\n\n<h2 class=\"gb-headline gb-headline-7785f7d0 gb-headline-text\"><a href=\"https:\/\/cointrade.es\/de\/opinions\/instant-akpro-app\/\">K00403: KI-gest&uuml;tzte automatisierte Handelsplattform mit hoher Rentabilit&auml;t<\/a><\/h2>\n\n<div class=\"gb-container gb-container-2bd618e7\">\n<p class=\"gb-headline gb-headline-0bdc8439 gb-headline-text\"><time class=\"entry-date published\" datetime=\"2025-05-20T09:51:47+00:00\">Mai 20, 2025<\/time><\/p>\n\n<p class=\"gb-headline gb-headline-95c495c2 gb-headline-text\">Hannibal Rodriguez<\/p>\n<\/div>\n\n<div class=\"gb-headline gb-headline-82d89ab6 gb-headline-text\">Nachdem ich die Handelsplattform K00403 gr&uuml;ndlich erkundet hatte, entdeckte ich mehrere Aspekte, die sie in der wettbewerbsintensiven Welt des Online-Handels hervorstechen lassen.<\/div>\n<\/div><\/div>\n\n<div class=\"gb-grid-column gb-grid-column-8ecd85f1 gb-query-loop-item post-28497 opinions type-opinions status-publish format-standard has-post-thumbnail hentry gblocks_pattern_collections-local-patterns\"><div class=\"gb-container gb-container-8ecd85f1\">\n<figure class=\"gb-block-image gb-block-image-5af07dd6\"><img loading=\"lazy\" decoding=\"async\" width=\"1200\" height=\"673\" src=\"https:\/\/cointrade.es\/wp-content\/uploads\/2025\/03\/Datos-del-mercado-en-vivo-en-el-telefono-5.jpg\" class=\"gb-image-5af07dd6\" alt=\"K00402 Datos del mercado en vivo en el tel&eacute;fono (5)\" srcset=\"https:\/\/cointrade.es\/wp-content\/uploads\/2025\/03\/Datos-del-mercado-en-vivo-en-el-telefono-5.jpg 1200w, https:\/\/cointrade.es\/wp-content\/uploads\/2025\/03\/Datos-del-mercado-en-vivo-en-el-telefono-5-300x168.jpg 300w, https:\/\/cointrade.es\/wp-content\/uploads\/2025\/03\/Datos-del-mercado-en-vivo-en-el-telefono-5-1024x574.jpg 1024w, https:\/\/cointrade.es\/wp-content\/uploads\/2025\/03\/Datos-del-mercado-en-vivo-en-el-telefono-5-768x431.jpg 768w\" sizes=\"auto, (max-width: 1200px) 100vw, 1200px\" title=\"\"><\/figure>\n\n<h2 class=\"gb-headline gb-headline-7785f7d0 gb-headline-text\"><a href=\"https:\/\/cointrade.es\/de\/opinions\/instant-akpro-2\/\">K00402: Die Kryptow&auml;hrungs-Handelsplattform mit hoher Rentabilit&auml;t und erweiterter Sicherheit<\/a><\/h2>\n\n<div class=\"gb-container gb-container-2bd618e7\">\n<p class=\"gb-headline gb-headline-0bdc8439 gb-headline-text\"><time class=\"entry-date published\" datetime=\"2025-05-20T09:49:49+00:00\">Mai 20, 2025<\/time><\/p>\n\n<p class=\"gb-headline gb-headline-95c495c2 gb-headline-text\">Billy Zambrano<\/p>\n<\/div>\n\n<div class=\"gb-headline gb-headline-82d89ab6 gb-headline-text\">Beim Testen von K00402 im Jahr 2025 habe ich eine Plattform gefunden, die in der Welt der Kryptow&auml;hrungen wirklich einen Unterschied macht. Die Kombination aus fortschrittlicher Technologie und finanziellen M&ouml;glichkeiten schafft ein spannendes Umfeld f&uuml;r H&auml;ndler.<\/div>\n<\/div><\/div>\n\n<div class=\"gb-grid-column gb-grid-column-8ecd85f1 gb-query-loop-item post-28501 opinions type-opinions status-publish format-standard has-post-thumbnail hentry gblocks_pattern_collections-local-patterns\"><div class=\"gb-container gb-container-8ecd85f1\">\n<figure class=\"gb-block-image gb-block-image-5af07dd6\"><img loading=\"lazy\" decoding=\"async\" width=\"1200\" height=\"673\" src=\"https:\/\/cointrade.es\/wp-content\/uploads\/2025\/03\/Datos-del-mercado-en-vivo-en-el-telefono-6.jpg\" class=\"gb-image-5af07dd6\" alt=\"Datos del mercado en vivo en el tel&eacute;fono (6)\" srcset=\"https:\/\/cointrade.es\/wp-content\/uploads\/2025\/03\/Datos-del-mercado-en-vivo-en-el-telefono-6.jpg 1200w, https:\/\/cointrade.es\/wp-content\/uploads\/2025\/03\/Datos-del-mercado-en-vivo-en-el-telefono-6-300x168.jpg 300w, https:\/\/cointrade.es\/wp-content\/uploads\/2025\/03\/Datos-del-mercado-en-vivo-en-el-telefono-6-1024x574.jpg 1024w, https:\/\/cointrade.es\/wp-content\/uploads\/2025\/03\/Datos-del-mercado-en-vivo-en-el-telefono-6-768x431.jpg 768w\" sizes=\"auto, (max-width: 1200px) 100vw, 1200px\" title=\"\"><\/figure>\n\n<h2 class=\"gb-headline gb-headline-7785f7d0 gb-headline-text\"><a href=\"https:\/\/cointrade.es\/de\/opinions\/instant-akpro\/\">K00401: Die Kryptow&auml;hrungs-Handelsplattform, die Ihr Erlebnis revolutioniert<\/a><\/h2>\n\n<div class=\"gb-container gb-container-2bd618e7\">\n<p class=\"gb-headline gb-headline-0bdc8439 gb-headline-text\"><time class=\"entry-date published\" datetime=\"2025-05-20T09:36:24+00:00\">Mai 20, 2025<\/time><\/p>\n\n<p class=\"gb-headline gb-headline-95c495c2 gb-headline-text\">Anibal Diaz<\/p>\n<\/div>\n\n<div class=\"gb-headline gb-headline-82d89ab6 gb-headline-text\">K00401 hat meine Erfahrung im Kryptow&auml;hrungshandel neu definiert. Stellen Sie sich vor, Sie handeln mit einer KI, die als vertrauensw&uuml;rdiger Finanzpartner fungiert und Transparenz und Sicherheit ohne versteckte Tricks priorisiert.<\/div>\n<\/div><\/div>\n\n<div class=\"gb-grid-column gb-grid-column-8ecd85f1 gb-query-loop-item post-28505 opinions type-opinions status-publish format-standard has-post-thumbnail hentry gblocks_pattern_collections-local-patterns\"><div class=\"gb-container gb-container-8ecd85f1\">\n<figure class=\"gb-block-image gb-block-image-5af07dd6\"><img loading=\"lazy\" decoding=\"async\" width=\"800\" height=\"448\" src=\"https:\/\/cointrade.es\/wp-content\/uploads\/2025\/03\/Visualizacion-de-la-aplicacion-del-mercado-de-valores-1.jpg\" class=\"gb-image-5af07dd6\" alt=\"K00400 Visualizaci&oacute;n de la aplicaci&oacute;n del mercado de valores (1)\" srcset=\"https:\/\/cointrade.es\/wp-content\/uploads\/2025\/03\/Visualizacion-de-la-aplicacion-del-mercado-de-valores-1.jpg 800w, https:\/\/cointrade.es\/wp-content\/uploads\/2025\/03\/Visualizacion-de-la-aplicacion-del-mercado-de-valores-1-300x168.jpg 300w, https:\/\/cointrade.es\/wp-content\/uploads\/2025\/03\/Visualizacion-de-la-aplicacion-del-mercado-de-valores-1-768x430.jpg 768w\" sizes=\"auto, (max-width: 800px) 100vw, 800px\" title=\"\"><\/figure>\n\n<h2 class=\"gb-headline gb-headline-7785f7d0 gb-headline-text\"><a href=\"https:\/\/cointrade.es\/de\/opinions\/energy-proair-app\/\">K00400: Die hochpr&auml;zise KI-gest&uuml;tzte Handelsplattform f&uuml;r Kryptow&auml;hrungen<\/a><\/h2>\n\n<div class=\"gb-container gb-container-2bd618e7\">\n<p class=\"gb-headline gb-headline-0bdc8439 gb-headline-text\"><time class=\"entry-date published\" datetime=\"2025-05-20T09:30:02+00:00\">Mai 20, 2025<\/time><\/p>\n\n<p class=\"gb-headline gb-headline-95c495c2 gb-headline-text\">Hannibal Rodriguez<\/p>\n<\/div>\n\n<div class=\"gb-headline gb-headline-82d89ab6 gb-headline-text\">K00400 ist eine fortschrittliche Handelsplattform f&uuml;r Kryptow&auml;hrungen, die Ihnen die T&uuml;r zu einer dynamischen Welt der Investition in digitale Verm&ouml;genswerte &ouml;ffnet.<\/div>\n<\/div><\/div>\n\n<div class=\"gb-grid-column gb-grid-column-8ecd85f1 gb-query-loop-item post-28509 opinions type-opinions status-publish format-standard has-post-thumbnail hentry gblocks_pattern_collections-local-patterns\"><div class=\"gb-container gb-container-8ecd85f1\">\n<figure class=\"gb-block-image gb-block-image-5af07dd6\"><img loading=\"lazy\" decoding=\"async\" width=\"800\" height=\"448\" src=\"https:\/\/cointrade.es\/wp-content\/uploads\/2025\/03\/Visualizacion-de-la-aplicacion-del-mercado-de-valores-2.jpg\" class=\"gb-image-5af07dd6\" alt=\"Configuraci&oacute;n acogedora para trading nocturno (2) Visualizaci&oacute;n de la aplicaci&oacute;n del mercado de valores (2)\" srcset=\"https:\/\/cointrade.es\/wp-content\/uploads\/2025\/03\/Visualizacion-de-la-aplicacion-del-mercado-de-valores-2.jpg 800w, https:\/\/cointrade.es\/wp-content\/uploads\/2025\/03\/Visualizacion-de-la-aplicacion-del-mercado-de-valores-2-300x168.jpg 300w, https:\/\/cointrade.es\/wp-content\/uploads\/2025\/03\/Visualizacion-de-la-aplicacion-del-mercado-de-valores-2-768x430.jpg 768w\" sizes=\"auto, (max-width: 800px) 100vw, 800px\" title=\"\"><\/figure>\n\n<h2 class=\"gb-headline gb-headline-7785f7d0 gb-headline-text\"><a href=\"https:\/\/cointrade.es\/de\/opinions\/energy-proair-review\/\">K00399: KI-gest&uuml;tzte Auto-Trading-Plattform mit 90 % Genauigkeit<\/a><\/h2>\n\n<div class=\"gb-container gb-container-2bd618e7\">\n<p class=\"gb-headline gb-headline-0bdc8439 gb-headline-text\"><time class=\"entry-date published\" datetime=\"2025-05-20T09:28:32+00:00\">Mai 20, 2025<\/time><\/p>\n\n<p class=\"gb-headline gb-headline-95c495c2 gb-headline-text\">Hannibal Rodriguez<\/p>\n<\/div>\n\n<div class=\"gb-headline gb-headline-82d89ab6 gb-headline-text\">Wenn Sie nach einer Plattform suchen, die Ihnen den Einstieg in den Kryptow&auml;hrungshandel erleichtert, k&ouml;nnte K00399 eine interessante Option sein.<\/div>\n<\/div><\/div>\n\n<div class=\"gb-grid-column gb-grid-column-8ecd85f1 gb-query-loop-item post-28513 opinions type-opinions status-publish format-standard has-post-thumbnail hentry gblocks_pattern_collections-local-patterns\"><div class=\"gb-container gb-container-8ecd85f1\">\n<figure class=\"gb-block-image gb-block-image-5af07dd6\"><img loading=\"lazy\" decoding=\"async\" width=\"800\" height=\"448\" src=\"https:\/\/cointrade.es\/wp-content\/uploads\/2025\/03\/Visualizacion-de-la-aplicacion-del-mercado-de-valores-3.jpg\" class=\"gb-image-5af07dd6\" alt=\"K00398 Visualizaci&oacute;n de la aplicaci&oacute;n del mercado de valores (3)\" srcset=\"https:\/\/cointrade.es\/wp-content\/uploads\/2025\/03\/Visualizacion-de-la-aplicacion-del-mercado-de-valores-3.jpg 800w, https:\/\/cointrade.es\/wp-content\/uploads\/2025\/03\/Visualizacion-de-la-aplicacion-del-mercado-de-valores-3-300x168.jpg 300w, https:\/\/cointrade.es\/wp-content\/uploads\/2025\/03\/Visualizacion-de-la-aplicacion-del-mercado-de-valores-3-768x430.jpg 768w\" sizes=\"auto, (max-width: 800px) 100vw, 800px\" title=\"\"><\/figure>\n\n<h2 class=\"gb-headline gb-headline-7785f7d0 gb-headline-text\"><a href=\"https:\/\/cointrade.es\/de\/opinions\/energy-proair\/\">K00398: KI-gest&uuml;tzte Auto-Trading-Plattform &ndash; Vollst&auml;ndige &Uuml;berpr&uuml;fung<\/a><\/h2>\n\n<div class=\"gb-container gb-container-2bd618e7\">\n<p class=\"gb-headline gb-headline-0bdc8439 gb-headline-text\"><time class=\"entry-date published\" datetime=\"2025-05-20T09:25:14+00:00\">Mai 20, 2025<\/time><\/p>\n\n<p class=\"gb-headline gb-headline-95c495c2 gb-headline-text\">John Milla Cano<\/p>\n<\/div>\n\n<div class=\"gb-headline gb-headline-82d89ab6 gb-headline-text\">Vor kurzem hatte ich die Gelegenheit, K00398 auszuprobieren, eine automatisierte Handelsplattform, die bei mir einen sehr positiven Eindruck hinterlassen hat.<\/div>\n<\/div><\/div>\n\n<div class=\"gb-grid-column gb-grid-column-8ecd85f1 gb-query-loop-item post-27169 opinions type-opinions status-publish format-standard has-post-thumbnail hentry gblocks_pattern_collections-local-patterns\"><div class=\"gb-container gb-container-8ecd85f1\">\n<figure class=\"gb-block-image gb-block-image-5af07dd6\"><img loading=\"lazy\" decoding=\"async\" width=\"800\" height=\"448\" src=\"https:\/\/cointrade.es\/wp-content\/uploads\/2025\/03\/Visualizacion-de-la-aplicacion-del-mercado-de-valores-4.jpg\" class=\"gb-image-5af07dd6\" alt=\"K00397 Visualizaci&oacute;n de la aplicaci&oacute;n del mercado de valores (4)\" srcset=\"https:\/\/cointrade.es\/wp-content\/uploads\/2025\/03\/Visualizacion-de-la-aplicacion-del-mercado-de-valores-4.jpg 800w, https:\/\/cointrade.es\/wp-content\/uploads\/2025\/03\/Visualizacion-de-la-aplicacion-del-mercado-de-valores-4-300x168.jpg 300w, https:\/\/cointrade.es\/wp-content\/uploads\/2025\/03\/Visualizacion-de-la-aplicacion-del-mercado-de-valores-4-768x430.jpg 768w\" sizes=\"auto, (max-width: 800px) 100vw, 800px\" title=\"\"><\/figure>\n\n<h2 class=\"gb-headline gb-headline-7785f7d0 gb-headline-text\"><a href=\"https:\/\/cointrade.es\/de\/opinions\/gpt-lispro-app\/\">K00397: Die automatisierte Handelsplattform revolutioniert den Handel mit Kryptow&auml;hrungen<\/a><\/h2>\n\n<div class=\"gb-container gb-container-2bd618e7\">\n<p class=\"gb-headline gb-headline-0bdc8439 gb-headline-text\"><time class=\"entry-date published\" datetime=\"2025-05-06T08:22:19+00:00\">Mai 6, 2025<\/time><\/p>\n\n<p class=\"gb-headline gb-headline-95c495c2 gb-headline-text\">Billy Zambrano<\/p>\n<\/div>\n\n<div class=\"gb-headline gb-headline-82d89ab6 gb-headline-text\">K00397, vielen bekannt als der &bdquo;Guru f&uuml;r automatisierten Kryptow&auml;hrungshandel&ldquo;, hat die Aufmerksamkeit von Anlegern auf sich gezogen, die ihre Strategien optimieren m&ouml;chten.<\/div>\n<\/div><\/div>\n<\/div>\n\n<div class=\"gb-container gb-container-f2a5051a gb-query-loop-pagination\">\n\n\n<span class=\"gb-button gb-button-ca78404d gb-button-text page-numbers gb-block-is-current\" aria-current=\"page\">1<\/span><a class=\"gb-button gb-button-ca78404d gb-button-text page-numbers\" href=\"?query-1350b371-page=2\">2<\/a><a class=\"gb-button gb-button-ca78404d gb-button-text page-numbers\" href=\"?query-1350b371-page=3\">3<\/a><span class=\"gb-button gb-button-ca78404d gb-button-text page-numbers dots\">&hellip;<\/span><a class=\"gb-button gb-button-ca78404d gb-button-text page-numbers\" href=\"?query-1350b371-page=5\">5<\/a>\n\n<a class=\"gb-button gb-button-3b8f5e45 gb-button-text\" href=\"\/de\/wp-json\/wp\/v2\/pages\/23170?query-1350b371-page=2\">N&auml;chste<\/a>\n<\/div>\n\n<\/div>\n<\/div>\n","protected":false},"excerpt":{"rendered":"<p>Der Handel kann schwierig sein. Es gibt eine Menge zu beachten. Es ist leicht, Fehler zu machen. KI und Automatisierung k&ouml;nnen helfen. Sie erkennen Dinge, die Sie vielleicht &uuml;bersehen. Sie erledigen Aufgaben schneller als Sie es k&ouml;nnen. Aber sie sind keine Zauberei. Sie m&uuml;ssen immer noch wissen, was Sie tun. Bei Cointrade.de schauen wir uns &#8230; <a title=\"Entdecken Sie die besten Tools f\u00fcr k\u00fcnstliche Intelligenz und Automatisierung f\u00fcr intelligentere Abl\u00e4ufe\" class=\"read-more\" href=\"https:\/\/cointrade.es\/de\/opiniones\/\" aria-label=\"Mehr Informationen \u00fcber Entdecken Sie die besten Tools f\u00fcr k\u00fcnstliche Intelligenz und Automatisierung f\u00fcr intelligentere Abl\u00e4ufe\">Weiterlesen &#8230;<\/a><\/p>\n","protected":false},"author":1,"featured_media":0,"parent":0,"menu_order":0,"comment_status":"closed","ping_status":"closed","template":"","meta":{"footnotes":""},"class_list":["post-23170","page","type-page","status-publish"],"rank_math_title":"Unvoreingenommene Bewertungen von auf k\u00fcnstlicher Intelligenz basierenden Handelswerkzeugen | Cointrade.de","rank_math_description":"Entdecken Sie ehrliche Bewertungen von kommerziellen Projekten, die KI- und Automatisierungstechnologien einsetzen. Finden Sie Tools, die Abl\u00e4ufe vereinfachen und Ihnen die Kontrolle geben. ","rank_math_focus_keyword":"Cointrade","_links":{"self":[{"href":"https:\/\/cointrade.es\/de\/wp-json\/wp\/v2\/pages\/23170","targetHints":{"allow":["GET"]}}],"collection":[{"href":"https:\/\/cointrade.es\/de\/wp-json\/wp\/v2\/pages"}],"about":[{"href":"https:\/\/cointrade.es\/de\/wp-json\/wp\/v2\/types\/page"}],"author":[{"embeddable":true,"href":"https:\/\/cointrade.es\/de\/wp-json\/wp\/v2\/users\/1"}],"replies":[{"embeddable":true,"href":"https:\/\/cointrade.es\/de\/wp-json\/wp\/v2\/comments?post=23170"}],"version-history":[{"count":0,"href":"https:\/\/cointrade.es\/de\/wp-json\/wp\/v2\/pages\/23170\/revisions"}],"wp:attachment":[{"href":"https:\/\/cointrade.es\/de\/wp-json\/wp\/v2\/media?parent=23170"}],"curies":[{"name":"wp","href":"https:\/\/api.w.org\/{rel}","templated":true}]}}